{"id":2692,"date":"2021-07-28T04:24:14","date_gmt":"2021-07-28T04:24:14","guid":{"rendered":"http:\/\/wgretificadores1.hospedagemdesites.ws\/site\/?page_id=2692"},"modified":"2021-08-06T14:41:32","modified_gmt":"2021-08-06T14:41:32","slug":"retificador-automatico-com-programacao-wg-iap","status":"publish","type":"page","link":"https:\/\/wgretificadores.com.br\/site\/retificadores\/retificador-automatico-com-programacao-wg-iap\/","title":{"rendered":"Retificador Autom\u00e1tico com Programa\u00e7\u00e3o WG IAP"},"content":{"rendered":"\t\t<div data-elementor-type=\"wp-page\" data-elementor-id=\"2692\" class=\"elementor elementor-2692\">\n\t\t\t\t\t\t\t\t\t<section class=\"elementor-section elementor-top-section elementor-element elementor-element-a006688 elementor-section-boxed elementor-section-height-default elementor-section-height-default\" data-id=\"a006688\" data-element_type=\"section\" data-settings=\"{&quot;_ha_eqh_enable&quot;:false}\">\n\t\t\t\t\t\t<div class=\"elementor-container elementor-column-gap-default\">\n\t\t\t\t\t<div class=\"elementor-column elementor-col-100 elementor-top-column elementor-element elementor-element-5f07b222\" data-id=\"5f07b222\" data-element_type=\"column\">\n\t\t\t<div class=\"elementor-widget-wrap elementor-element-populated\">\n\t\t\t\t\t\t\t\t<section class=\"elementor-section elementor-inner-section elementor-element elementor-element-44b7f267 elementor-section-boxed elementor-section-height-default elementor-section-height-default\" data-id=\"44b7f267\" data-element_type=\"section\" data-settings=\"{&quot;_ha_eqh_enable&quot;:false}\">\n\t\t\t\t\t\t<div class=\"elementor-container elementor-column-gap-default\">\n\t\t\t\t\t<div class=\"elementor-column elementor-col-100 elementor-inner-column elementor-element elementor-element-4d882d04\" data-id=\"4d882d04\" data-element_type=\"column\">\n\t\t\t<div class=\"elementor-widget-wrap elementor-element-populated\">\n\t\t\t\t\t\t\t\t<div class=\"elementor-element elementor-element-6ed34ff4 elementor-widget elementor-widget-heading\" data-id=\"6ed34ff4\" data-element_type=\"widget\" data-widget_type=\"heading.default\">\n\t\t\t\t<div class=\"elementor-widget-container\">\n\t\t\t<style>\/*! elementor - v3.6.4 - 13-04-2022 *\/\n.elementor-heading-title{padding:0;margin:0;line-height:1}.elementor-widget-heading .elementor-heading-title[class*=elementor-size-]>a{color:inherit;font-size:inherit;line-height:inherit}.elementor-widget-heading .elementor-heading-title.elementor-size-small{font-size:15px}.elementor-widget-heading .elementor-heading-title.elementor-size-medium{font-size:19px}.elementor-widget-heading .elementor-heading-title.elementor-size-large{font-size:29px}.elementor-widget-heading .elementor-heading-title.elementor-size-xl{font-size:39px}.elementor-widget-heading .elementor-heading-title.elementor-size-xxl{font-size:59px}<\/style><h3 class=\"elementor-heading-title elementor-size-default elementor-heading-title elementor-size-default\">Selecione o modelo desejado para maiores informa\u00e7\u00f5es:<\/h3>\t\t<\/div>\n\t\t\t\t<\/div>\n\t\t\t\t\t<\/div>\n\t\t<\/div>\n\t\t\t\t\t\t\t<\/div>\n\t\t<\/section>\n\t\t\t\t\t<\/div>\n\t\t<\/div>\n\t\t\t\t\t\t\t<\/div>\n\t\t<\/section>\n\t\t\t\t<section data-pa-eq-height=\"{&quot;targetType&quot;:&quot;widget&quot;,&quot;target&quot;:&quot;&quot;,&quot;enableOn&quot;:[&quot;desktop&quot;,&quot;tablet&quot;,&quot;mobile&quot;]}\" class=\"elementor-section elementor-top-section elementor-element elementor-element-d19473b premium-equal-height-yes elementor-section-boxed elementor-section-height-default elementor-section-height-default\" data-id=\"d19473b\" data-element_type=\"section\" data-settings=\"{&quot;premium_eq_height_switcher&quot;:&quot;yes&quot;,&quot;_ha_eqh_enable&quot;:false}\">\n\t\t\t\t\t\t<div class=\"elementor-container elementor-column-gap-default\">\n\t\t\t\t\t<div class=\"elementor-column elementor-col-100 elementor-top-column elementor-element elementor-element-529c2f65\" data-id=\"529c2f65\" data-element_type=\"column\">\n\t\t\t<div class=\"elementor-widget-wrap elementor-element-populated\">\n\t\t\t\t\t\t\t\t<div class=\"elementor-element elementor-element-686c43e eael-product-grid-column-3 elementor-widget elementor-widget-eicon-woocommerce\" data-id=\"686c43e\" data-element_type=\"widget\" data-widget_type=\"eicon-woocommerce.default\">\n\t\t\t\t<div class=\"elementor-widget-container\">\n\t\t\t\n        <div class=\"eael-product-grid eael-product-simple grid\" id=\"eael-product-grid\" data-widget-id=\"686c43e\" data-page-id=\"2692\" data-nonce=\"77c252ea5a\" >\n            <div class=\"woocommerce\">\n                <ul class=\"products\" data-layout-mode=\"grid\">    <li class=\"product\">\n        <div class=\"eael-product-wrap\">\n                        <img fetchpriority=\"high\" decoding=\"async\" width=\"540\" height=\"360\" src=\"https:\/\/wgretificadores.com.br\/site\/wp-content\/uploads\/2021\/07\/012-Retificador-Automatico-com-Programacao_WG-IAP-1000_3-1-540x360.jpg\" class=\"attachment-medium size-medium\" alt=\"\" loading=\"eager\" \/><div class=\"eael-product-title\">\n            <a href=\"https:\/\/wgretificadores.com.br\/site\/produto\/retificador-automatico-com-programacao-wg-iap-1000-a\/\" class=\"woocommerce-LoopProduct-link woocommerce-loop-product__link\"><h4 class=\"woocommerce-loop-product__title\">Retificador Autom\u00e1tico com Programa\u00e7\u00e3o WG IAP - 1000 A<\/h4><\/a>\n            <\/div>            <a href=\"https:\/\/wgretificadores.com.br\/site\/produto\/retificador-automatico-com-programacao-wg-iap-1000-a\/\" data-quantity=\"1\" class=\"button product_type_simple\" data-product_id=\"109\" data-product_sku=\"\" aria-label=\"Read more about &ldquo;Retificador Autom\u00e1tico com Programa\u00e7\u00e3o WG IAP - 1000 A&rdquo;\" rel=\"nofollow\"><i class=\"add_to_cart_button__icon ti ti-arrow-right\"><\/i> <span class=\"add_to_cart_button__text\">Ver mais<\/span><\/a>                    <\/div>\n    <\/li>\n        <li class=\"product\">\n        <div class=\"eael-product-wrap\">\n                        <img decoding=\"async\" width=\"300\" height=\"200\" src=\"https:\/\/wgretificadores.com.br\/site\/wp-content\/uploads\/2021\/07\/013-Retificador-Automatico-com-Programacao_WG-IAP-2000_3000_3-300x200.jpg\" class=\"attachment-medium size-medium\" alt=\"\" loading=\"eager\" \/><div class=\"eael-product-title\">\n            <a href=\"https:\/\/wgretificadores.com.br\/site\/produto\/retificador-automatico-com-programacao-wg-iap-2000-a-3000-a\/\" class=\"woocommerce-LoopProduct-link woocommerce-loop-product__link\"><h4 class=\"woocommerce-loop-product__title\">Retificador Autom\u00e1tico com Programa\u00e7\u00e3o WG IAP - 2000 A | 3000 A<\/h4><\/a>\n            <\/div>            <a href=\"https:\/\/wgretificadores.com.br\/site\/produto\/retificador-automatico-com-programacao-wg-iap-2000-a-3000-a\/\" data-quantity=\"1\" class=\"button product_type_simple\" data-product_id=\"111\" data-product_sku=\"\" aria-label=\"Read more about &ldquo;Retificador Autom\u00e1tico com Programa\u00e7\u00e3o WG IAP - 2000 A | 3000 A&rdquo;\" rel=\"nofollow\"><i class=\"add_to_cart_button__icon ti ti-arrow-right\"><\/i> <span class=\"add_to_cart_button__text\">Ver mais<\/span><\/a>                    <\/div>\n    <\/li>\n        <li class=\"product\">\n        <div class=\"eael-product-wrap\">\n                        <img decoding=\"async\" width=\"300\" height=\"200\" src=\"https:\/\/wgretificadores.com.br\/site\/wp-content\/uploads\/2021\/07\/014-Retificador-Automatico-com-Programacao_WG-IAP-4000-5000-6000_4-300x200.jpg\" class=\"attachment-medium size-medium\" alt=\"\" loading=\"eager\" \/><div class=\"eael-product-title\">\n            <a href=\"https:\/\/wgretificadores.com.br\/site\/produto\/retificador-automatico-com-programacao-wg-iap-4000-a-5000-a-6000-a\/\" class=\"woocommerce-LoopProduct-link woocommerce-loop-product__link\"><h4 class=\"woocommerce-loop-product__title\">Retificador Autom\u00e1tico com Programa\u00e7\u00e3o WG IAP - 4000 A | 5000 A | 6000 A<\/h4><\/a>\n            <\/div>            <a href=\"https:\/\/wgretificadores.com.br\/site\/produto\/retificador-automatico-com-programacao-wg-iap-4000-a-5000-a-6000-a\/\" data-quantity=\"1\" class=\"button product_type_simple\" data-product_id=\"112\" data-product_sku=\"\" aria-label=\"Read more about &ldquo;Retificador Autom\u00e1tico com Programa\u00e7\u00e3o WG IAP - 4000 A | 5000 A | 6000 A&rdquo;\" rel=\"nofollow\"><i class=\"add_to_cart_button__icon ti ti-arrow-right\"><\/i> <span class=\"add_to_cart_button__text\">Ver mais<\/span><\/a>                    <\/div>\n    <\/li>\n    <\/ul>            <\/div>\n        <\/div>\n\n        <script type=\"text\/javascript\">\n            jQuery(document).ready(function($) {\n                var $scope = jQuery(\".elementor-element-686c43e\");\n                var $products = $('.products', $scope);\n                var $layout_mode = $products.data('layout-mode');\n                \n                if ( $layout_mode === 'masonry' ) {\n                    \/\/ init isotope\n                    var $isotope_products = $products.isotope({\n                        itemSelector: \"li.product\",\n                        layoutMode: $layout_mode,\n                        percentPosition: true\n                    });\n\n                    $isotope_products.imagesLoaded().progress( function() {\n                        $isotope_products.isotope('layout');\n                    })\n\n                    $(window).on('resize', function() {\n                        $isotope_products.isotope('layout');\n                    });\n                }\n            });\n        <\/script>\n        \t\t<\/div>\n\t\t\t\t<\/div>\n\t\t\t\t\t<\/div>\n\t\t<\/div>\n\t\t\t\t\t\t\t<\/div>\n\t\t<\/section>\n\t\t\t\t\t\t\t<\/div>\n\t\t","protected":false},"excerpt":{"rendered":"<p>Selecione o modelo desejado para maiores informa\u00e7\u00f5es: Retificador Autom\u00e1tico com Programa\u00e7\u00e3o WG IAP &#8211; 1000 A Ver Produto&#8230;<\/p>\n","protected":false},"author":1,"featured_media":1903,"parent":2431,"menu_order":0,"comment_status":"closed","ping_status":"closed","template":"elementor_header_footer","meta":{"_monsterinsights_skip_tracking":false,"_monsterinsights_sitenote_active":false,"_monsterinsights_sitenote_note":"","_monsterinsights_sitenote_category":0,"footnotes":""},"class_list":["post-2692","page","type-page","status-publish","has-post-thumbnail","hentry"],"yoast_head":"<!-- This site is optimized with the Yoast SEO plugin v18.6 - https:\/\/yoast.com\/wordpress\/plugins\/seo\/ -->\n<title>Retificador Autom\u00e1tico com Programa\u00e7\u00e3o WG IAP - WG Ind\u00fastria e Com\u00e9rcio de Equipamentos El\u00e9tricos Ltda<\/title>\n<meta name=\"robots\" content=\"index, follow, max-snippet:-1, max-image-preview:large, max-video-preview:-1\" \/>\n<link rel=\"canonical\" href=\"https:\/\/wgretificadores.com.br\/site\/retificadores\/retificador-automatico-com-programacao-wg-iap\/\" \/>\n<meta property=\"og:locale\" content=\"pt_BR\" \/>\n<meta property=\"og:type\" content=\"article\" \/>\n<meta property=\"og:title\" content=\"Retificador Autom\u00e1tico com Programa\u00e7\u00e3o WG IAP - WG Ind\u00fastria e Com\u00e9rcio de Equipamentos El\u00e9tricos Ltda\" \/>\n<meta property=\"og:description\" content=\"Selecione o modelo desejado para maiores informa\u00e7\u00f5es: Retificador Autom\u00e1tico com Programa\u00e7\u00e3o WG IAP &#8211; 1000 A Ver Produto...\" \/>\n<meta property=\"og:url\" content=\"https:\/\/wgretificadores.com.br\/site\/retificadores\/retificador-automatico-com-programacao-wg-iap\/\" \/>\n<meta property=\"og:site_name\" content=\"WG Ind\u00fastria e Com\u00e9rcio de Equipamentos El\u00e9tricos Ltda\" \/>\n<meta property=\"article:modified_time\" content=\"2021-08-06T14:41:32+00:00\" \/>\n<meta property=\"og:image\" content=\"https:\/\/wgretificadores.com.br\/site\/wp-content\/uploads\/2021\/07\/slide2.jpg\" \/>\n\t<meta property=\"og:image:width\" content=\"1280\" \/>\n\t<meta property=\"og:image:height\" content=\"600\" \/>\n\t<meta property=\"og:image:type\" content=\"image\/jpeg\" \/>\n<meta name=\"twitter:card\" content=\"summary_large_image\" \/>\n<script type=\"application\/ld+json\" class=\"yoast-schema-graph\">{\"@context\":\"https:\/\/schema.org\",\"@graph\":[{\"@type\":\"Organization\",\"@id\":\"https:\/\/wgretificadores.com.br\/site\/#organization\",\"name\":\"WG Retificadores - Ind\u00fastria e Com\u00e9rcio de Equipamentos El\u00e9tricos Ltda\",\"url\":\"https:\/\/wgretificadores.com.br\/site\/\",\"sameAs\":[],\"logo\":{\"@type\":\"ImageObject\",\"@id\":\"https:\/\/wgretificadores.com.br\/site\/#logo\",\"inLanguage\":\"pt-BR\",\"url\":\"https:\/\/wgretificadores.com.br\/site\/wp-content\/uploads\/2021\/07\/Fachada-WG-Retificadores.png\",\"contentUrl\":\"https:\/\/wgretificadores.com.br\/site\/wp-content\/uploads\/2021\/07\/Fachada-WG-Retificadores.png\",\"width\":1920,\"height\":1043,\"caption\":\"WG Retificadores - Ind\u00fastria e Com\u00e9rcio de Equipamentos El\u00e9tricos Ltda\"},\"image\":{\"@id\":\"https:\/\/wgretificadores.com.br\/site\/#logo\"}},{\"@type\":\"WebSite\",\"@id\":\"https:\/\/wgretificadores.com.br\/site\/#website\",\"url\":\"https:\/\/wgretificadores.com.br\/site\/\",\"name\":\"WG Ind\u00fastria e Com\u00e9rcio de Equipamentos El\u00e9tricos Ltda\",\"description\":\"Desenvolvimento e fabrica\u00e7\u00e3o de equipamentos industriais  com tecnologia pr\u00f3pria\",\"publisher\":{\"@id\":\"https:\/\/wgretificadores.com.br\/site\/#organization\"},\"potentialAction\":[{\"@type\":\"SearchAction\",\"target\":{\"@type\":\"EntryPoint\",\"urlTemplate\":\"https:\/\/wgretificadores.com.br\/site\/?s={search_term_string}\"},\"query-input\":\"required name=search_term_string\"}],\"inLanguage\":\"pt-BR\"},{\"@type\":\"ImageObject\",\"@id\":\"https:\/\/wgretificadores.com.br\/site\/retificadores\/retificador-automatico-com-programacao-wg-iap\/#primaryimage\",\"inLanguage\":\"pt-BR\",\"url\":\"https:\/\/wgretificadores.com.br\/site\/wp-content\/uploads\/2021\/07\/slide2.jpg\",\"contentUrl\":\"https:\/\/wgretificadores.com.br\/site\/wp-content\/uploads\/2021\/07\/slide2.jpg\",\"width\":1280,\"height\":600,\"caption\":\"SETOR DE TESTES\"},{\"@type\":\"WebPage\",\"@id\":\"https:\/\/wgretificadores.com.br\/site\/retificadores\/retificador-automatico-com-programacao-wg-iap\/#webpage\",\"url\":\"https:\/\/wgretificadores.com.br\/site\/retificadores\/retificador-automatico-com-programacao-wg-iap\/\",\"name\":\"Retificador Autom\u00e1tico com Programa\u00e7\u00e3o WG IAP - WG Ind\u00fastria e Com\u00e9rcio de Equipamentos El\u00e9tricos Ltda\",\"isPartOf\":{\"@id\":\"https:\/\/wgretificadores.com.br\/site\/#website\"},\"primaryImageOfPage\":{\"@id\":\"https:\/\/wgretificadores.com.br\/site\/retificadores\/retificador-automatico-com-programacao-wg-iap\/#primaryimage\"},\"datePublished\":\"2021-07-28T04:24:14+00:00\",\"dateModified\":\"2021-08-06T14:41:32+00:00\",\"breadcrumb\":{\"@id\":\"https:\/\/wgretificadores.com.br\/site\/retificadores\/retificador-automatico-com-programacao-wg-iap\/#breadcrumb\"},\"inLanguage\":\"pt-BR\",\"potentialAction\":[{\"@type\":\"ReadAction\",\"target\":[\"https:\/\/wgretificadores.com.br\/site\/retificadores\/retificador-automatico-com-programacao-wg-iap\/\"]}]},{\"@type\":\"BreadcrumbList\",\"@id\":\"https:\/\/wgretificadores.com.br\/site\/retificadores\/retificador-automatico-com-programacao-wg-iap\/#breadcrumb\",\"itemListElement\":[{\"@type\":\"ListItem\",\"position\":1,\"name\":\"In\u00edcio\",\"item\":\"https:\/\/wgretificadores.com.br\/site\/\"},{\"@type\":\"ListItem\",\"position\":2,\"name\":\"Retificadores\",\"item\":\"https:\/\/wgretificadores.com.br\/site\/retificadores\/\"},{\"@type\":\"ListItem\",\"position\":3,\"name\":\"Retificador Autom\u00e1tico com Programa\u00e7\u00e3o WG IAP\"}]}]}<\/script>\n<!-- \/ Yoast SEO plugin. -->","yoast_head_json":{"title":"Retificador Autom\u00e1tico com Programa\u00e7\u00e3o WG IAP - WG Ind\u00fastria e Com\u00e9rcio de Equipamentos El\u00e9tricos Ltda","robots":{"index":"index","follow":"follow","max-snippet":"max-snippet:-1","max-image-preview":"max-image-preview:large","max-video-preview":"max-video-preview:-1"},"canonical":"https:\/\/wgretificadores.com.br\/site\/retificadores\/retificador-automatico-com-programacao-wg-iap\/","og_locale":"pt_BR","og_type":"article","og_title":"Retificador Autom\u00e1tico com Programa\u00e7\u00e3o WG IAP - WG Ind\u00fastria e Com\u00e9rcio de Equipamentos El\u00e9tricos Ltda","og_description":"Selecione o modelo desejado para maiores informa\u00e7\u00f5es: Retificador Autom\u00e1tico com Programa\u00e7\u00e3o WG IAP &#8211; 1000 A Ver Produto...","og_url":"https:\/\/wgretificadores.com.br\/site\/retificadores\/retificador-automatico-com-programacao-wg-iap\/","og_site_name":"WG Ind\u00fastria e Com\u00e9rcio de Equipamentos El\u00e9tricos Ltda","article_modified_time":"2021-08-06T14:41:32+00:00","og_image":[{"width":1280,"height":600,"url":"https:\/\/wgretificadores.com.br\/site\/wp-content\/uploads\/2021\/07\/slide2.jpg","type":"image\/jpeg"}],"twitter_card":"summary_large_image","schema":{"@context":"https:\/\/schema.org","@graph":[{"@type":"Organization","@id":"https:\/\/wgretificadores.com.br\/site\/#organization","name":"WG Retificadores - Ind\u00fastria e Com\u00e9rcio de Equipamentos El\u00e9tricos Ltda","url":"https:\/\/wgretificadores.com.br\/site\/","sameAs":[],"logo":{"@type":"ImageObject","@id":"https:\/\/wgretificadores.com.br\/site\/#logo","inLanguage":"pt-BR","url":"https:\/\/wgretificadores.com.br\/site\/wp-content\/uploads\/2021\/07\/Fachada-WG-Retificadores.png","contentUrl":"https:\/\/wgretificadores.com.br\/site\/wp-content\/uploads\/2021\/07\/Fachada-WG-Retificadores.png","width":1920,"height":1043,"caption":"WG Retificadores - Ind\u00fastria e Com\u00e9rcio de Equipamentos El\u00e9tricos Ltda"},"image":{"@id":"https:\/\/wgretificadores.com.br\/site\/#logo"}},{"@type":"WebSite","@id":"https:\/\/wgretificadores.com.br\/site\/#website","url":"https:\/\/wgretificadores.com.br\/site\/","name":"WG Ind\u00fastria e Com\u00e9rcio de Equipamentos El\u00e9tricos Ltda","description":"Desenvolvimento e fabrica\u00e7\u00e3o de equipamentos industriais  com tecnologia pr\u00f3pria","publisher":{"@id":"https:\/\/wgretificadores.com.br\/site\/#organization"},"potentialAction":[{"@type":"SearchAction","target":{"@type":"EntryPoint","urlTemplate":"https:\/\/wgretificadores.com.br\/site\/?s={search_term_string}"},"query-input":"required name=search_term_string"}],"inLanguage":"pt-BR"},{"@type":"ImageObject","@id":"https:\/\/wgretificadores.com.br\/site\/retificadores\/retificador-automatico-com-programacao-wg-iap\/#primaryimage","inLanguage":"pt-BR","url":"https:\/\/wgretificadores.com.br\/site\/wp-content\/uploads\/2021\/07\/slide2.jpg","contentUrl":"https:\/\/wgretificadores.com.br\/site\/wp-content\/uploads\/2021\/07\/slide2.jpg","width":1280,"height":600,"caption":"SETOR DE TESTES"},{"@type":"WebPage","@id":"https:\/\/wgretificadores.com.br\/site\/retificadores\/retificador-automatico-com-programacao-wg-iap\/#webpage","url":"https:\/\/wgretificadores.com.br\/site\/retificadores\/retificador-automatico-com-programacao-wg-iap\/","name":"Retificador Autom\u00e1tico com Programa\u00e7\u00e3o WG IAP - WG Ind\u00fastria e Com\u00e9rcio de Equipamentos El\u00e9tricos Ltda","isPartOf":{"@id":"https:\/\/wgretificadores.com.br\/site\/#website"},"primaryImageOfPage":{"@id":"https:\/\/wgretificadores.com.br\/site\/retificadores\/retificador-automatico-com-programacao-wg-iap\/#primaryimage"},"datePublished":"2021-07-28T04:24:14+00:00","dateModified":"2021-08-06T14:41:32+00:00","breadcrumb":{"@id":"https:\/\/wgretificadores.com.br\/site\/retificadores\/retificador-automatico-com-programacao-wg-iap\/#breadcrumb"},"inLanguage":"pt-BR","potentialAction":[{"@type":"ReadAction","target":["https:\/\/wgretificadores.com.br\/site\/retificadores\/retificador-automatico-com-programacao-wg-iap\/"]}]},{"@type":"BreadcrumbList","@id":"https:\/\/wgretificadores.com.br\/site\/retificadores\/retificador-automatico-com-programacao-wg-iap\/#breadcrumb","itemListElement":[{"@type":"ListItem","position":1,"name":"In\u00edcio","item":"https:\/\/wgretificadores.com.br\/site\/"},{"@type":"ListItem","position":2,"name":"Retificadores","item":"https:\/\/wgretificadores.com.br\/site\/retificadores\/"},{"@type":"ListItem","position":3,"name":"Retificador Autom\u00e1tico com Programa\u00e7\u00e3o WG IAP"}]}]}},"_links":{"self":[{"href":"https:\/\/wgretificadores.com.br\/site\/wp-json\/wp\/v2\/pages\/2692","targetHints":{"allow":["GET"]}}],"collection":[{"href":"https:\/\/wgretificadores.com.br\/site\/wp-json\/wp\/v2\/pages"}],"about":[{"href":"https:\/\/wgretificadores.com.br\/site\/wp-json\/wp\/v2\/types\/page"}],"author":[{"embeddable":true,"href":"https:\/\/wgretificadores.com.br\/site\/wp-json\/wp\/v2\/users\/1"}],"replies":[{"embeddable":true,"href":"https:\/\/wgretificadores.com.br\/site\/wp-json\/wp\/v2\/comments?post=2692"}],"version-history":[{"count":8,"href":"https:\/\/wgretificadores.com.br\/site\/wp-json\/wp\/v2\/pages\/2692\/revisions"}],"predecessor-version":[{"id":3461,"href":"https:\/\/wgretificadores.com.br\/site\/wp-json\/wp\/v2\/pages\/2692\/revisions\/3461"}],"up":[{"embeddable":true,"href":"https:\/\/wgretificadores.com.br\/site\/wp-json\/wp\/v2\/pages\/2431"}],"wp:featuredmedia":[{"embeddable":true,"href":"https:\/\/wgretificadores.com.br\/site\/wp-json\/wp\/v2\/media\/1903"}],"wp:attachment":[{"href":"https:\/\/wgretificadores.com.br\/site\/wp-json\/wp\/v2\/media?parent=2692"}],"curies":[{"name":"wp","href":"https:\/\/api.w.org\/{rel}","templated":true}]}}