{"id":2928,"date":"2021-07-28T23:12:20","date_gmt":"2021-07-28T23:12:20","guid":{"rendered":"http:\/\/wgretificadores1.hospedagemdesites.ws\/site\/?page_id=2928"},"modified":"2021-08-06T14:38:06","modified_gmt":"2021-08-06T14:38:06","slug":"outros-produtos","status":"publish","type":"page","link":"https:\/\/wgretificadores.com.br\/site\/outros-produtos\/","title":{"rendered":"Outros produtos"},"content":{"rendered":"\t\t<div data-elementor-type=\"wp-page\" data-elementor-id=\"2928\" class=\"elementor elementor-2928\">\n\t\t\t\t\t\t\t\t\t<section class=\"elementor-section elementor-top-section elementor-element elementor-element-a006688 elementor-section-boxed elementor-section-height-default elementor-section-height-default\" data-id=\"a006688\" data-element_type=\"section\" data-settings=\"{&quot;_ha_eqh_enable&quot;:false}\">\n\t\t\t\t\t\t<div class=\"elementor-container elementor-column-gap-default\">\n\t\t\t\t\t<div class=\"elementor-column elementor-col-100 elementor-top-column elementor-element elementor-element-5f07b222\" data-id=\"5f07b222\" data-element_type=\"column\">\n\t\t\t<div class=\"elementor-widget-wrap elementor-element-populated\">\n\t\t\t\t\t\t\t\t<section class=\"elementor-section elementor-inner-section elementor-element elementor-element-44b7f267 elementor-section-boxed elementor-section-height-default elementor-section-height-default\" data-id=\"44b7f267\" data-element_type=\"section\" data-settings=\"{&quot;_ha_eqh_enable&quot;:false}\">\n\t\t\t\t\t\t<div class=\"elementor-container elementor-column-gap-default\">\n\t\t\t\t\t<div class=\"elementor-column elementor-col-100 elementor-inner-column elementor-element elementor-element-4d882d04\" data-id=\"4d882d04\" data-element_type=\"column\">\n\t\t\t<div class=\"elementor-widget-wrap elementor-element-populated\">\n\t\t\t\t\t\t\t\t<div class=\"elementor-element elementor-element-6ed34ff4 elementor-widget elementor-widget-heading\" data-id=\"6ed34ff4\" data-element_type=\"widget\" data-widget_type=\"heading.default\">\n\t\t\t\t<div class=\"elementor-widget-container\">\n\t\t\t<style>\/*! elementor - v3.6.4 - 13-04-2022 *\/\n.elementor-heading-title{padding:0;margin:0;line-height:1}.elementor-widget-heading .elementor-heading-title[class*=elementor-size-]>a{color:inherit;font-size:inherit;line-height:inherit}.elementor-widget-heading .elementor-heading-title.elementor-size-small{font-size:15px}.elementor-widget-heading .elementor-heading-title.elementor-size-medium{font-size:19px}.elementor-widget-heading .elementor-heading-title.elementor-size-large{font-size:29px}.elementor-widget-heading .elementor-heading-title.elementor-size-xl{font-size:39px}.elementor-widget-heading .elementor-heading-title.elementor-size-xxl{font-size:59px}<\/style><h3 class=\"elementor-heading-title elementor-size-default elementor-heading-title elementor-size-default\">Selecione o produto desejado para maiores informa\u00e7\u00f5es:<\/h3>\t\t<\/div>\n\t\t\t\t<\/div>\n\t\t\t\t\t<\/div>\n\t\t<\/div>\n\t\t\t\t\t\t\t<\/div>\n\t\t<\/section>\n\t\t\t\t\t<\/div>\n\t\t<\/div>\n\t\t\t\t\t\t\t<\/div>\n\t\t<\/section>\n\t\t\t\t<section data-pa-eq-height=\"{&quot;targetType&quot;:&quot;widget&quot;,&quot;target&quot;:&quot;&quot;,&quot;enableOn&quot;:[&quot;desktop&quot;,&quot;tablet&quot;,&quot;mobile&quot;]}\" class=\"elementor-section elementor-top-section elementor-element elementor-element-d19473b premium-equal-height-yes elementor-section-boxed elementor-section-height-default elementor-section-height-default\" data-id=\"d19473b\" data-element_type=\"section\" data-settings=\"{&quot;premium_eq_height_switcher&quot;:&quot;yes&quot;,&quot;_ha_eqh_enable&quot;:false}\">\n\t\t\t\t\t\t<div class=\"elementor-container elementor-column-gap-default\">\n\t\t\t\t\t<div class=\"elementor-column elementor-col-100 elementor-top-column elementor-element elementor-element-529c2f65\" data-id=\"529c2f65\" data-element_type=\"column\">\n\t\t\t<div class=\"elementor-widget-wrap elementor-element-populated\">\n\t\t\t\t\t\t\t\t<div class=\"elementor-element elementor-element-686c43e eael-product-grid-column-3 elementor-widget elementor-widget-eicon-woocommerce\" data-id=\"686c43e\" data-element_type=\"widget\" data-widget_type=\"eicon-woocommerce.default\">\n\t\t\t\t<div class=\"elementor-widget-container\">\n\t\t\t\n        <div class=\"eael-product-grid eael-product-simple grid\" id=\"eael-product-grid\" data-widget-id=\"686c43e\" data-page-id=\"2928\" data-nonce=\"77c252ea5a\" >\n            <div class=\"woocommerce\">\n                <ul class=\"products\" data-layout-mode=\"grid\">    <li class=\"product\">\n        <div class=\"eael-product-wrap\">\n                        <img fetchpriority=\"high\" decoding=\"async\" width=\"300\" height=\"200\" src=\"https:\/\/wgretificadores.com.br\/site\/wp-content\/uploads\/2021\/07\/052-Contador-ampere-hora-programado-300x200.jpg\" class=\"attachment-medium size-medium\" alt=\"\" loading=\"eager\" \/><div class=\"eael-product-title\">\n            <a href=\"https:\/\/wgretificadores.com.br\/site\/produto\/contador-de-ampere-hora-com-programacao-de-tempo\/\" class=\"woocommerce-LoopProduct-link woocommerce-loop-product__link\"><h4 class=\"woocommerce-loop-product__title\">Contador de Ampere\/Hora com Programa\u00e7\u00e3o de Tempo<\/h4><\/a>\n            <\/div>            <a href=\"https:\/\/wgretificadores.com.br\/site\/produto\/contador-de-ampere-hora-com-programacao-de-tempo\/\" data-quantity=\"1\" class=\"button product_type_simple\" data-product_id=\"166\" data-product_sku=\"\" aria-label=\"Read more about &ldquo;Contador de Ampere\/Hora com Programa\u00e7\u00e3o de Tempo&rdquo;\" rel=\"nofollow\"><i class=\"add_to_cart_button__icon ti ti-arrow-right\"><\/i> <span class=\"add_to_cart_button__text\">Ver mais<\/span><\/a>                    <\/div>\n    <\/li>\n        <li class=\"product\">\n        <div class=\"eael-product-wrap\">\n                        <img decoding=\"async\" width=\"300\" height=\"200\" src=\"https:\/\/wgretificadores.com.br\/site\/wp-content\/uploads\/2021\/07\/053-Termostato-digital-300x200.jpg\" class=\"attachment-medium size-medium\" alt=\"\" loading=\"eager\" \/><div class=\"eael-product-title\">\n            <a href=\"https:\/\/wgretificadores.com.br\/site\/produto\/controlador-eletronico-de-temperatura-termostado-digital\/\" class=\"woocommerce-LoopProduct-link woocommerce-loop-product__link\"><h4 class=\"woocommerce-loop-product__title\">Controlador Eletr\u00f4nico de Temperatura (Termostato Digital)<\/h4><\/a>\n            <\/div>            <a href=\"https:\/\/wgretificadores.com.br\/site\/produto\/controlador-eletronico-de-temperatura-termostado-digital\/\" data-quantity=\"1\" class=\"button product_type_simple\" data-product_id=\"168\" data-product_sku=\"\" aria-label=\"Read more about &ldquo;Controlador Eletr\u00f4nico de Temperatura (Termostato Digital)&rdquo;\" rel=\"nofollow\"><i class=\"add_to_cart_button__icon ti ti-arrow-right\"><\/i> <span class=\"add_to_cart_button__text\">Ver mais<\/span><\/a>                    <\/div>\n    <\/li>\n        <li class=\"product\">\n        <div class=\"eael-product-wrap\">\n                        <img decoding=\"async\" width=\"300\" height=\"200\" src=\"https:\/\/wgretificadores.com.br\/site\/wp-content\/uploads\/2021\/07\/054-Programador-de-tempo-para-producao-300x200.jpg\" class=\"attachment-medium size-medium\" alt=\"\" loading=\"eager\" \/><div class=\"eael-product-title\">\n            <a href=\"https:\/\/wgretificadores.com.br\/site\/produto\/programador-de-tempo-para-producao\/\" class=\"woocommerce-LoopProduct-link woocommerce-loop-product__link\"><h4 class=\"woocommerce-loop-product__title\">Programador de Tempo para produ\u00e7\u00e3o<\/h4><\/a>\n            <\/div>            <a href=\"https:\/\/wgretificadores.com.br\/site\/produto\/programador-de-tempo-para-producao\/\" data-quantity=\"1\" class=\"button product_type_simple\" data-product_id=\"170\" data-product_sku=\"\" aria-label=\"Read more about &ldquo;Programador de Tempo para produ\u00e7\u00e3o&rdquo;\" rel=\"nofollow\"><i class=\"add_to_cart_button__icon ti ti-arrow-right\"><\/i> <span class=\"add_to_cart_button__text\">Ver mais<\/span><\/a>                    <\/div>\n    <\/li>\n        <li class=\"product\">\n        <div class=\"eael-product-wrap\">\n                        <img decoding=\"async\" width=\"300\" height=\"200\" src=\"https:\/\/wgretificadores.com.br\/site\/wp-content\/uploads\/2021\/07\/055-Modulo-para-pequenas-producoes_2-tanques-300x200.jpg\" class=\"attachment-medium size-medium\" alt=\"\" loading=\"eager\" \/><div class=\"eael-product-title\">\n            <a href=\"https:\/\/wgretificadores.com.br\/site\/produto\/modulos-para-pequenas-producoes-com-2-ou-3-tanques\/\" class=\"woocommerce-LoopProduct-link woocommerce-loop-product__link\"><h4 class=\"woocommerce-loop-product__title\">M\u00f3dulos para Pequenas Produ\u00e7\u00f5es - com 2 ou 3 Tanques<\/h4><\/a>\n            <\/div>            <a href=\"https:\/\/wgretificadores.com.br\/site\/produto\/modulos-para-pequenas-producoes-com-2-ou-3-tanques\/\" data-quantity=\"1\" class=\"button product_type_simple\" data-product_id=\"171\" data-product_sku=\"\" aria-label=\"Read more about &ldquo;M\u00f3dulos para Pequenas Produ\u00e7\u00f5es - com 2 ou 3 Tanques&rdquo;\" rel=\"nofollow\"><i class=\"add_to_cart_button__icon ti ti-arrow-right\"><\/i> <span class=\"add_to_cart_button__text\">Ver mais<\/span><\/a>                    <\/div>\n    <\/li>\n        <li class=\"product\">\n        <div class=\"eael-product-wrap\">\n                        <img decoding=\"async\" width=\"300\" height=\"200\" src=\"https:\/\/wgretificadores.com.br\/site\/wp-content\/uploads\/2021\/07\/056-Tanque-para-eletrodeposicao-de-metais-nobres-300x200.jpg\" class=\"attachment-medium size-medium\" alt=\"\" loading=\"eager\" \/><div class=\"eael-product-title\">\n            <a href=\"https:\/\/wgretificadores.com.br\/site\/produto\/tanque-para-eletrodeposicao-de-metais-nobres\/\" class=\"woocommerce-LoopProduct-link woocommerce-loop-product__link\"><h4 class=\"woocommerce-loop-product__title\">Tanque para Eletrodeposi\u00e7\u00e3o de Metais Nobres<\/h4><\/a>\n            <\/div>            <a href=\"https:\/\/wgretificadores.com.br\/site\/produto\/tanque-para-eletrodeposicao-de-metais-nobres\/\" data-quantity=\"1\" class=\"button product_type_simple\" data-product_id=\"172\" data-product_sku=\"\" aria-label=\"Read more about &ldquo;Tanque para Eletrodeposi\u00e7\u00e3o de Metais Nobres&rdquo;\" rel=\"nofollow\"><i class=\"add_to_cart_button__icon ti ti-arrow-right\"><\/i> <span class=\"add_to_cart_button__text\">Ver mais<\/span><\/a>                    <\/div>\n    <\/li>\n        <li class=\"product\">\n        <div class=\"eael-product-wrap\">\n                        <img decoding=\"async\" width=\"300\" height=\"163\" src=\"https:\/\/wgretificadores.com.br\/site\/wp-content\/uploads\/2021\/07\/057-Carretel-avulso-portatil_1-300x163.jpg\" class=\"attachment-medium size-medium\" alt=\"\" loading=\"eager\" \/><div class=\"eael-product-title\">\n            <a href=\"https:\/\/wgretificadores.com.br\/site\/produto\/carretel-avulso-portatil\/\" class=\"woocommerce-LoopProduct-link woocommerce-loop-product__link\"><h4 class=\"woocommerce-loop-product__title\">Carretel Avulso Port\u00e1til<\/h4><\/a>\n            <\/div>            <a href=\"https:\/\/wgretificadores.com.br\/site\/produto\/carretel-avulso-portatil\/\" data-quantity=\"1\" class=\"button product_type_simple\" data-product_id=\"173\" data-product_sku=\"\" aria-label=\"Read more about &ldquo;Carretel Avulso Port\u00e1til&rdquo;\" rel=\"nofollow\"><i class=\"add_to_cart_button__icon ti ti-arrow-right\"><\/i> <span class=\"add_to_cart_button__text\">Ver mais<\/span><\/a>                    <\/div>\n    <\/li>\n    <\/ul>            <\/div>\n        <\/div>\n\n        <script type=\"text\/javascript\">\n            jQuery(document).ready(function($) {\n                var $scope = jQuery(\".elementor-element-686c43e\");\n                var $products = $('.products', $scope);\n                var $layout_mode = $products.data('layout-mode');\n                \n                if ( $layout_mode === 'masonry' ) {\n                    \/\/ init isotope\n                    var $isotope_products = $products.isotope({\n                        itemSelector: \"li.product\",\n                        layoutMode: $layout_mode,\n                        percentPosition: true\n                    });\n\n                    $isotope_products.imagesLoaded().progress( function() {\n                        $isotope_products.isotope('layout');\n                    })\n\n                    $(window).on('resize', function() {\n                        $isotope_products.isotope('layout');\n                    });\n                }\n            });\n        <\/script>\n        \t\t<\/div>\n\t\t\t\t<\/div>\n\t\t\t\t\t<\/div>\n\t\t<\/div>\n\t\t\t\t\t\t\t<\/div>\n\t\t<\/section>\n\t\t\t\t\t\t\t<\/div>\n\t\t","protected":false},"excerpt":{"rendered":"<p>Selecione o produto desejado para maiores informa\u00e7\u00f5es: Contador de Ampere\/Hora com Programa\u00e7\u00e3o de Tempo Ver Produto Controlador Eletr\u00f4nico&#8230;<\/p>\n","protected":false},"author":1,"featured_media":2133,"parent":0,"menu_order":0,"comment_status":"closed","ping_status":"closed","template":"elementor_header_footer","meta":{"_monsterinsights_skip_tracking":false,"_monsterinsights_sitenote_active":false,"_monsterinsights_sitenote_note":"","_monsterinsights_sitenote_category":0,"footnotes":""},"class_list":["post-2928","page","type-page","status-publish","has-post-thumbnail","hentry"],"yoast_head":"<!-- This site is optimized with the Yoast SEO plugin v18.6 - https:\/\/yoast.com\/wordpress\/plugins\/seo\/ -->\n<title>Outros produtos - WG Ind\u00fastria e Com\u00e9rcio de Equipamentos El\u00e9tricos Ltda<\/title>\n<meta name=\"robots\" content=\"index, follow, max-snippet:-1, max-image-preview:large, max-video-preview:-1\" \/>\n<link rel=\"canonical\" href=\"https:\/\/wgretificadores.com.br\/site\/outros-produtos\/\" \/>\n<meta property=\"og:locale\" content=\"pt_BR\" \/>\n<meta property=\"og:type\" content=\"article\" \/>\n<meta property=\"og:title\" content=\"Outros produtos - WG Ind\u00fastria e Com\u00e9rcio de Equipamentos El\u00e9tricos Ltda\" \/>\n<meta property=\"og:description\" content=\"Selecione o produto desejado para maiores informa\u00e7\u00f5es: Contador de Ampere\/Hora com Programa\u00e7\u00e3o de Tempo Ver Produto Controlador Eletr\u00f4nico...\" \/>\n<meta property=\"og:url\" content=\"https:\/\/wgretificadores.com.br\/site\/outros-produtos\/\" \/>\n<meta property=\"og:site_name\" content=\"WG Ind\u00fastria e Com\u00e9rcio de Equipamentos El\u00e9tricos Ltda\" \/>\n<meta property=\"article:modified_time\" content=\"2021-08-06T14:38:06+00:00\" \/>\n<meta property=\"og:image\" content=\"https:\/\/wgretificadores.com.br\/site\/wp-content\/uploads\/2021\/07\/bg-empresa2-1024x683.png\" \/>\n\t<meta property=\"og:image:width\" content=\"1024\" \/>\n\t<meta property=\"og:image:height\" content=\"683\" \/>\n\t<meta property=\"og:image:type\" content=\"image\/png\" \/>\n<meta name=\"twitter:card\" content=\"summary_large_image\" \/>\n<script type=\"application\/ld+json\" class=\"yoast-schema-graph\">{\"@context\":\"https:\/\/schema.org\",\"@graph\":[{\"@type\":\"Organization\",\"@id\":\"https:\/\/wgretificadores.com.br\/site\/#organization\",\"name\":\"WG Retificadores - Ind\u00fastria e Com\u00e9rcio de Equipamentos El\u00e9tricos Ltda\",\"url\":\"https:\/\/wgretificadores.com.br\/site\/\",\"sameAs\":[],\"logo\":{\"@type\":\"ImageObject\",\"@id\":\"https:\/\/wgretificadores.com.br\/site\/#logo\",\"inLanguage\":\"pt-BR\",\"url\":\"https:\/\/wgretificadores.com.br\/site\/wp-content\/uploads\/2021\/07\/Fachada-WG-Retificadores.png\",\"contentUrl\":\"https:\/\/wgretificadores.com.br\/site\/wp-content\/uploads\/2021\/07\/Fachada-WG-Retificadores.png\",\"width\":1920,\"height\":1043,\"caption\":\"WG Retificadores - Ind\u00fastria e Com\u00e9rcio de Equipamentos El\u00e9tricos Ltda\"},\"image\":{\"@id\":\"https:\/\/wgretificadores.com.br\/site\/#logo\"}},{\"@type\":\"WebSite\",\"@id\":\"https:\/\/wgretificadores.com.br\/site\/#website\",\"url\":\"https:\/\/wgretificadores.com.br\/site\/\",\"name\":\"WG Ind\u00fastria e Com\u00e9rcio de Equipamentos El\u00e9tricos Ltda\",\"description\":\"Desenvolvimento e fabrica\u00e7\u00e3o de equipamentos industriais  com tecnologia pr\u00f3pria\",\"publisher\":{\"@id\":\"https:\/\/wgretificadores.com.br\/site\/#organization\"},\"potentialAction\":[{\"@type\":\"SearchAction\",\"target\":{\"@type\":\"EntryPoint\",\"urlTemplate\":\"https:\/\/wgretificadores.com.br\/site\/?s={search_term_string}\"},\"query-input\":\"required name=search_term_string\"}],\"inLanguage\":\"pt-BR\"},{\"@type\":\"ImageObject\",\"@id\":\"https:\/\/wgretificadores.com.br\/site\/outros-produtos\/#primaryimage\",\"inLanguage\":\"pt-BR\",\"url\":\"https:\/\/wgretificadores.com.br\/site\/wp-content\/uploads\/2021\/07\/bg-empresa2.png\",\"contentUrl\":\"https:\/\/wgretificadores.com.br\/site\/wp-content\/uploads\/2021\/07\/bg-empresa2.png\",\"width\":1920,\"height\":1280},{\"@type\":\"WebPage\",\"@id\":\"https:\/\/wgretificadores.com.br\/site\/outros-produtos\/#webpage\",\"url\":\"https:\/\/wgretificadores.com.br\/site\/outros-produtos\/\",\"name\":\"Outros produtos - WG Ind\u00fastria e Com\u00e9rcio de Equipamentos El\u00e9tricos Ltda\",\"isPartOf\":{\"@id\":\"https:\/\/wgretificadores.com.br\/site\/#website\"},\"primaryImageOfPage\":{\"@id\":\"https:\/\/wgretificadores.com.br\/site\/outros-produtos\/#primaryimage\"},\"datePublished\":\"2021-07-28T23:12:20+00:00\",\"dateModified\":\"2021-08-06T14:38:06+00:00\",\"breadcrumb\":{\"@id\":\"https:\/\/wgretificadores.com.br\/site\/outros-produtos\/#breadcrumb\"},\"inLanguage\":\"pt-BR\",\"potentialAction\":[{\"@type\":\"ReadAction\",\"target\":[\"https:\/\/wgretificadores.com.br\/site\/outros-produtos\/\"]}]},{\"@type\":\"BreadcrumbList\",\"@id\":\"https:\/\/wgretificadores.com.br\/site\/outros-produtos\/#breadcrumb\",\"itemListElement\":[{\"@type\":\"ListItem\",\"position\":1,\"name\":\"In\u00edcio\",\"item\":\"https:\/\/wgretificadores.com.br\/site\/\"},{\"@type\":\"ListItem\",\"position\":2,\"name\":\"Outros produtos\"}]}]}<\/script>\n<!-- \/ Yoast SEO plugin. -->","yoast_head_json":{"title":"Outros produtos - WG Ind\u00fastria e Com\u00e9rcio de Equipamentos El\u00e9tricos Ltda","robots":{"index":"index","follow":"follow","max-snippet":"max-snippet:-1","max-image-preview":"max-image-preview:large","max-video-preview":"max-video-preview:-1"},"canonical":"https:\/\/wgretificadores.com.br\/site\/outros-produtos\/","og_locale":"pt_BR","og_type":"article","og_title":"Outros produtos - WG Ind\u00fastria e Com\u00e9rcio de Equipamentos El\u00e9tricos Ltda","og_description":"Selecione o produto desejado para maiores informa\u00e7\u00f5es: Contador de Ampere\/Hora com Programa\u00e7\u00e3o de Tempo Ver Produto Controlador Eletr\u00f4nico...","og_url":"https:\/\/wgretificadores.com.br\/site\/outros-produtos\/","og_site_name":"WG Ind\u00fastria e Com\u00e9rcio de Equipamentos El\u00e9tricos Ltda","article_modified_time":"2021-08-06T14:38:06+00:00","og_image":[{"width":1024,"height":683,"url":"https:\/\/wgretificadores.com.br\/site\/wp-content\/uploads\/2021\/07\/bg-empresa2-1024x683.png","type":"image\/png"}],"twitter_card":"summary_large_image","schema":{"@context":"https:\/\/schema.org","@graph":[{"@type":"Organization","@id":"https:\/\/wgretificadores.com.br\/site\/#organization","name":"WG Retificadores - Ind\u00fastria e Com\u00e9rcio de Equipamentos El\u00e9tricos Ltda","url":"https:\/\/wgretificadores.com.br\/site\/","sameAs":[],"logo":{"@type":"ImageObject","@id":"https:\/\/wgretificadores.com.br\/site\/#logo","inLanguage":"pt-BR","url":"https:\/\/wgretificadores.com.br\/site\/wp-content\/uploads\/2021\/07\/Fachada-WG-Retificadores.png","contentUrl":"https:\/\/wgretificadores.com.br\/site\/wp-content\/uploads\/2021\/07\/Fachada-WG-Retificadores.png","width":1920,"height":1043,"caption":"WG Retificadores - Ind\u00fastria e Com\u00e9rcio de Equipamentos El\u00e9tricos Ltda"},"image":{"@id":"https:\/\/wgretificadores.com.br\/site\/#logo"}},{"@type":"WebSite","@id":"https:\/\/wgretificadores.com.br\/site\/#website","url":"https:\/\/wgretificadores.com.br\/site\/","name":"WG Ind\u00fastria e Com\u00e9rcio de Equipamentos El\u00e9tricos Ltda","description":"Desenvolvimento e fabrica\u00e7\u00e3o de equipamentos industriais  com tecnologia pr\u00f3pria","publisher":{"@id":"https:\/\/wgretificadores.com.br\/site\/#organization"},"potentialAction":[{"@type":"SearchAction","target":{"@type":"EntryPoint","urlTemplate":"https:\/\/wgretificadores.com.br\/site\/?s={search_term_string}"},"query-input":"required name=search_term_string"}],"inLanguage":"pt-BR"},{"@type":"ImageObject","@id":"https:\/\/wgretificadores.com.br\/site\/outros-produtos\/#primaryimage","inLanguage":"pt-BR","url":"https:\/\/wgretificadores.com.br\/site\/wp-content\/uploads\/2021\/07\/bg-empresa2.png","contentUrl":"https:\/\/wgretificadores.com.br\/site\/wp-content\/uploads\/2021\/07\/bg-empresa2.png","width":1920,"height":1280},{"@type":"WebPage","@id":"https:\/\/wgretificadores.com.br\/site\/outros-produtos\/#webpage","url":"https:\/\/wgretificadores.com.br\/site\/outros-produtos\/","name":"Outros produtos - WG Ind\u00fastria e Com\u00e9rcio de Equipamentos El\u00e9tricos Ltda","isPartOf":{"@id":"https:\/\/wgretificadores.com.br\/site\/#website"},"primaryImageOfPage":{"@id":"https:\/\/wgretificadores.com.br\/site\/outros-produtos\/#primaryimage"},"datePublished":"2021-07-28T23:12:20+00:00","dateModified":"2021-08-06T14:38:06+00:00","breadcrumb":{"@id":"https:\/\/wgretificadores.com.br\/site\/outros-produtos\/#breadcrumb"},"inLanguage":"pt-BR","potentialAction":[{"@type":"ReadAction","target":["https:\/\/wgretificadores.com.br\/site\/outros-produtos\/"]}]},{"@type":"BreadcrumbList","@id":"https:\/\/wgretificadores.com.br\/site\/outros-produtos\/#breadcrumb","itemListElement":[{"@type":"ListItem","position":1,"name":"In\u00edcio","item":"https:\/\/wgretificadores.com.br\/site\/"},{"@type":"ListItem","position":2,"name":"Outros produtos"}]}]}},"_links":{"self":[{"href":"https:\/\/wgretificadores.com.br\/site\/wp-json\/wp\/v2\/pages\/2928","targetHints":{"allow":["GET"]}}],"collection":[{"href":"https:\/\/wgretificadores.com.br\/site\/wp-json\/wp\/v2\/pages"}],"about":[{"href":"https:\/\/wgretificadores.com.br\/site\/wp-json\/wp\/v2\/types\/page"}],"author":[{"embeddable":true,"href":"https:\/\/wgretificadores.com.br\/site\/wp-json\/wp\/v2\/users\/1"}],"replies":[{"embeddable":true,"href":"https:\/\/wgretificadores.com.br\/site\/wp-json\/wp\/v2\/comments?post=2928"}],"version-history":[{"count":11,"href":"https:\/\/wgretificadores.com.br\/site\/wp-json\/wp\/v2\/pages\/2928\/revisions"}],"predecessor-version":[{"id":3457,"href":"https:\/\/wgretificadores.com.br\/site\/wp-json\/wp\/v2\/pages\/2928\/revisions\/3457"}],"wp:featuredmedia":[{"embeddable":true,"href":"https:\/\/wgretificadores.com.br\/site\/wp-json\/wp\/v2\/media\/2133"}],"wp:attachment":[{"href":"https:\/\/wgretificadores.com.br\/site\/wp-json\/wp\/v2\/media?parent=2928"}],"curies":[{"name":"wp","href":"https:\/\/api.w.org\/{rel}","templated":true}]}}