{"id":105,"date":"2021-07-19T02:57:48","date_gmt":"2021-07-19T02:57:48","guid":{"rendered":"http:\/\/wgretificadores1.hospedagemdesites.ws\/site\/?post_type=product&#038;p=105"},"modified":"2021-07-30T18:54:57","modified_gmt":"2021-07-30T18:54:57","slug":"retificador-pulsante-onda-quadrada-de-alta-frequencia-com-sistema-de-montagem-modular-6000-a","status":"publish","type":"product","link":"https:\/\/wgretificadores.com.br\/site\/produto\/retificador-pulsante-onda-quadrada-de-alta-frequencia-com-sistema-de-montagem-modular-6000-a\/","title":{"rendered":"Retificador Pulsante &#8211; Onda Quadrada de Alta Frequ\u00eancia com Sistema de Montagem Modular  | 6000 A"},"content":{"rendered":"<h3><span style=\"color: #00dbdb;\">EQUIPAMENTO 100% FABRICADO PELA WG RETIFICADORES<\/span><\/h3>\n<h4>VANTAGENS:<\/h4>\n<ul>\n<li>Menor consumo de energia<\/li>\n<li>Melhor nivelamento na c\u00e2mara depositada<\/li>\n<li>Menor tempo para dep\u00f3sito<\/li>\n<li>Menor consumo de produtos qu\u00edmicos, anodos, etc.<\/li>\n<li>Maior produtividade<\/li>\n<li>Menor espa\u00e7o f\u00edsico ocupado<\/li>\n<li>Mais f\u00e1cil para locomo\u00e7\u00e3o<\/li>\n<\/ul>\n<p><strong>&#8211; Capacidade de 6000 amperes<\/strong><\/p>\n<p>&nbsp;<\/p>\n<p>&nbsp;<\/p>\n","protected":false},"excerpt":{"rendered":"<h4>CARACTER\u00cdSTICAS:<\/h4>\n<ul>\n<li>Alimenta\u00e7\u00e3o: 220, 380 ou 440Vca trif\u00e1sica (a definir)<\/li>\n<li>Tens\u00e3o de sa\u00edda: 12, 14 ou 16Vcc (a definir)<\/li>\n<li>Regulagem de corrente linear de zero ao m\u00e1ximo de sa\u00edda<\/li>\n<li>Regulagem de tens\u00e3o linear de zero ao m\u00e1ximo de sa\u00edda<\/li>\n<li>Tens\u00e3o e corrente de sa\u00edda estabilizadas com precis\u00e3o de 1%<\/li>\n<li>Ripple inferior a 1% em toda escala de regulagem<\/li>\n<li>Rendimento 91%<\/li>\n<li>Resfriamento a ar for\u00e7ado<\/li>\n<li>Onda quadrada pulsante em tens\u00e3o ou corrente<\/li>\n<li>Temporizador para programar tempo de carga<\/li>\n<li>Prote\u00e7\u00e3o contra curto circuito nos barramentos de sa\u00edda<\/li>\n<li>Prote\u00e7\u00e3o contra falta de fase na rede de alimenta\u00e7\u00e3o<\/li>\n<li>Prote\u00e7\u00e3o contra alta temperatura nos m\u00f3dulos<\/li>\n<li>Alarme sinalizado falha nos m\u00f3dulos<\/li>\n<li>Limita\u00e7\u00e3o de corrente para cada m\u00f3dulo<\/li>\n<li>Limita\u00e7\u00e3o total da capacidade de corrente do equipamento<\/li>\n<li>Sistema de montagem modular<\/li>\n<li>M\u00f3dulos trabalham independentes<\/li>\n<li>Painel para comando \u00e0 dist\u00e2ncia<\/li>\n<li>Comando manual via potenci\u00f4metro<\/li>\n<li>Comando CLP ou ethernet MODBUS RS485 (a definir)<\/li>\n<li>Refrigera\u00e7\u00e3o a ar for\u00e7ada<\/li>\n<li>N\u00fameros de m\u00f3dulos: 12 m\u00f3dulos<\/li>\n<li>Dimens\u00f5es: 1190 x 1220 x 410mm (A x L x P)<\/li>\n<li>Peso: 410 Kg<\/li>\n<\/ul>\n","protected":false},"featured_media":28,"template":"","meta":{"_monsterinsights_skip_tracking":false,"_monsterinsights_sitenote_active":false,"_monsterinsights_sitenote_note":"","_monsterinsights_sitenote_category":0},"product_cat":[141,140,16],"product_tag":[34,24,25,23,22],"class_list":["post-105","product","type-product","status-publish","has-post-thumbnail","hentry","product_cat-alta-frequencia","product_cat-onda-quadrada","product_cat-retificadores","product_tag-6000-a","product_tag-alta-frequencia","product_tag-montagem-modular","product_tag-onda-quadrada","product_tag-retificadores"],"yoast_head":"<!-- This site is optimized with the Yoast SEO plugin v18.6 - https:\/\/yoast.com\/wordpress\/plugins\/seo\/ -->\n<title>Retificador Pulsante - Onda Quadrada de Alta Frequ\u00eancia com Sistema de Montagem Modular | 6000 A - WG Ind\u00fastria e Com\u00e9rcio de Equipamentos El\u00e9tricos Ltda<\/title>\n<meta name=\"robots\" content=\"index, follow, max-snippet:-1, max-image-preview:large, max-video-preview:-1\" \/>\n<link rel=\"canonical\" href=\"https:\/\/wgretificadores.com.br\/site\/produto\/retificador-pulsante-onda-quadrada-de-alta-frequencia-com-sistema-de-montagem-modular-6000-a\/\" \/>\n<meta property=\"og:locale\" content=\"pt_BR\" \/>\n<meta property=\"og:type\" content=\"article\" \/>\n<meta property=\"og:title\" content=\"Retificador Pulsante - Onda Quadrada de Alta Frequ\u00eancia com Sistema de Montagem Modular | 6000 A - WG Ind\u00fastria e Com\u00e9rcio de Equipamentos El\u00e9tricos Ltda\" \/>\n<meta property=\"og:description\" content=\"CARACTER\u00cdSTICAS:   Alimenta\u00e7\u00e3o: 220, 380 ou 440Vca trif\u00e1sica (a definir)  Tens\u00e3o de sa\u00edda: 12, 14 ou 16Vcc (a definir)  Regulagem de corrente linear de zero ao m\u00e1ximo de sa\u00edda  Regulagem de tens\u00e3o linear de zero ao m\u00e1ximo de sa\u00edda  Tens\u00e3o e corrente de sa\u00edda estabilizadas com precis\u00e3o de 1%  Ripple inferior a 1% em toda escala de regulagem  Rendimento 91%  Resfriamento a ar for\u00e7ado  Onda quadrada pulsante em tens\u00e3o ou corrente  Temporizador para programar tempo de carga  Prote\u00e7\u00e3o contra curto circuito nos barramentos de sa\u00edda  Prote\u00e7\u00e3o contra falta de fase na rede de alimenta\u00e7\u00e3o  Prote\u00e7\u00e3o contra alta temperatura nos m\u00f3dulos  Alarme sinalizado falha nos m\u00f3dulos  Limita\u00e7\u00e3o de corrente para cada m\u00f3dulo  Limita\u00e7\u00e3o total da capacidade de corrente do equipamento  Sistema de montagem modular  M\u00f3dulos trabalham independentes  Painel para comando \u00e0 dist\u00e2ncia  Comando manual via potenci\u00f4metro  Comando CLP ou ethernet MODBUS RS485 (a definir)  Refrigera\u00e7\u00e3o a ar for\u00e7ada  N\u00fameros de m\u00f3dulos: 12 m\u00f3dulos  Dimens\u00f5es: 1190 x 1220 x 410mm (A x L x P)  Peso: 410 Kg\" \/>\n<meta property=\"og:url\" content=\"https:\/\/wgretificadores.com.br\/site\/produto\/retificador-pulsante-onda-quadrada-de-alta-frequencia-com-sistema-de-montagem-modular-6000-a\/\" \/>\n<meta property=\"og:site_name\" content=\"WG Ind\u00fastria e Com\u00e9rcio de Equipamentos El\u00e9tricos Ltda\" \/>\n<meta property=\"article:modified_time\" content=\"2021-07-30T18:54:57+00:00\" \/>\n<meta property=\"og:image\" content=\"https:\/\/wgretificadores.com.br\/site\/wp-content\/uploads\/2021\/07\/008-RETIFICADOR-PULSANTE_ONDA-QUADRADA-DE-ALTA-FREQUENCIA-6000_1.jpg\" \/>\n\t<meta property=\"og:image:width\" content=\"1152\" \/>\n\t<meta property=\"og:image:height\" content=\"768\" \/>\n\t<meta property=\"og:image:type\" content=\"image\/jpeg\" \/>\n<meta name=\"twitter:card\" content=\"summary_large_image\" \/>\n<script type=\"application\/ld+json\" class=\"yoast-schema-graph\">{\"@context\":\"https:\/\/schema.org\",\"@graph\":[{\"@type\":\"Organization\",\"@id\":\"https:\/\/wgretificadores.com.br\/site\/#organization\",\"name\":\"WG Retificadores - Ind\u00fastria e Com\u00e9rcio de Equipamentos El\u00e9tricos Ltda\",\"url\":\"https:\/\/wgretificadores.com.br\/site\/\",\"sameAs\":[],\"logo\":{\"@type\":\"ImageObject\",\"@id\":\"https:\/\/wgretificadores.com.br\/site\/#logo\",\"inLanguage\":\"pt-BR\",\"url\":\"https:\/\/wgretificadores.com.br\/site\/wp-content\/uploads\/2021\/07\/Fachada-WG-Retificadores.png\",\"contentUrl\":\"https:\/\/wgretificadores.com.br\/site\/wp-content\/uploads\/2021\/07\/Fachada-WG-Retificadores.png\",\"width\":1920,\"height\":1043,\"caption\":\"WG Retificadores - Ind\u00fastria e Com\u00e9rcio de Equipamentos El\u00e9tricos Ltda\"},\"image\":{\"@id\":\"https:\/\/wgretificadores.com.br\/site\/#logo\"}},{\"@type\":\"WebSite\",\"@id\":\"https:\/\/wgretificadores.com.br\/site\/#website\",\"url\":\"https:\/\/wgretificadores.com.br\/site\/\",\"name\":\"WG Ind\u00fastria e Com\u00e9rcio de Equipamentos El\u00e9tricos Ltda\",\"description\":\"Desenvolvimento e fabrica\u00e7\u00e3o de equipamentos industriais  com tecnologia pr\u00f3pria\",\"publisher\":{\"@id\":\"https:\/\/wgretificadores.com.br\/site\/#organization\"},\"potentialAction\":[{\"@type\":\"SearchAction\",\"target\":{\"@type\":\"EntryPoint\",\"urlTemplate\":\"https:\/\/wgretificadores.com.br\/site\/?s={search_term_string}\"},\"query-input\":\"required name=search_term_string\"}],\"inLanguage\":\"pt-BR\"},{\"@type\":\"ImageObject\",\"@id\":\"https:\/\/wgretificadores.com.br\/site\/produto\/retificador-pulsante-onda-quadrada-de-alta-frequencia-com-sistema-de-montagem-modular-6000-a\/#primaryimage\",\"inLanguage\":\"pt-BR\",\"url\":\"https:\/\/wgretificadores.com.br\/site\/wp-content\/uploads\/2021\/07\/008-RETIFICADOR-PULSANTE_ONDA-QUADRADA-DE-ALTA-FREQUENCIA-6000_1.jpg\",\"contentUrl\":\"https:\/\/wgretificadores.com.br\/site\/wp-content\/uploads\/2021\/07\/008-RETIFICADOR-PULSANTE_ONDA-QUADRADA-DE-ALTA-FREQUENCIA-6000_1.jpg\",\"width\":1152,\"height\":768,\"caption\":\"Retificador Pulsante - Onda Quadrada de Alta Frequ\u00eancia com Sistema de Montagem Modular | 6000 A\"},{\"@type\":\"WebPage\",\"@id\":\"https:\/\/wgretificadores.com.br\/site\/produto\/retificador-pulsante-onda-quadrada-de-alta-frequencia-com-sistema-de-montagem-modular-6000-a\/#webpage\",\"url\":\"https:\/\/wgretificadores.com.br\/site\/produto\/retificador-pulsante-onda-quadrada-de-alta-frequencia-com-sistema-de-montagem-modular-6000-a\/\",\"name\":\"Retificador Pulsante - Onda Quadrada de Alta Frequ\u00eancia com Sistema de Montagem Modular | 6000 A - WG Ind\u00fastria e Com\u00e9rcio de Equipamentos El\u00e9tricos Ltda\",\"isPartOf\":{\"@id\":\"https:\/\/wgretificadores.com.br\/site\/#website\"},\"primaryImageOfPage\":{\"@id\":\"https:\/\/wgretificadores.com.br\/site\/produto\/retificador-pulsante-onda-quadrada-de-alta-frequencia-com-sistema-de-montagem-modular-6000-a\/#primaryimage\"},\"datePublished\":\"2021-07-19T02:57:48+00:00\",\"dateModified\":\"2021-07-30T18:54:57+00:00\",\"breadcrumb\":{\"@id\":\"https:\/\/wgretificadores.com.br\/site\/produto\/retificador-pulsante-onda-quadrada-de-alta-frequencia-com-sistema-de-montagem-modular-6000-a\/#breadcrumb\"},\"inLanguage\":\"pt-BR\",\"potentialAction\":[{\"@type\":\"ReadAction\",\"target\":[\"https:\/\/wgretificadores.com.br\/site\/produto\/retificador-pulsante-onda-quadrada-de-alta-frequencia-com-sistema-de-montagem-modular-6000-a\/\"]}]},{\"@type\":\"BreadcrumbList\",\"@id\":\"https:\/\/wgretificadores.com.br\/site\/produto\/retificador-pulsante-onda-quadrada-de-alta-frequencia-com-sistema-de-montagem-modular-6000-a\/#breadcrumb\",\"itemListElement\":[{\"@type\":\"ListItem\",\"position\":1,\"name\":\"In\u00edcio\",\"item\":\"https:\/\/wgretificadores.com.br\/site\/\"},{\"@type\":\"ListItem\",\"position\":2,\"name\":\"Produtos\",\"item\":\"https:\/\/wgretificadores.com.br\/site\/shop\/\"},{\"@type\":\"ListItem\",\"position\":3,\"name\":\"Retificador Pulsante &#8211; Onda Quadrada de Alta Frequ\u00eancia com Sistema de Montagem Modular | 6000 A\"}]}]}<\/script>\n<!-- \/ Yoast SEO plugin. -->","yoast_head_json":{"title":"Retificador Pulsante - Onda Quadrada de Alta Frequ\u00eancia com Sistema de Montagem Modular | 6000 A - WG Ind\u00fastria e Com\u00e9rcio de Equipamentos El\u00e9tricos Ltda","robots":{"index":"index","follow":"follow","max-snippet":"max-snippet:-1","max-image-preview":"max-image-preview:large","max-video-preview":"max-video-preview:-1"},"canonical":"https:\/\/wgretificadores.com.br\/site\/produto\/retificador-pulsante-onda-quadrada-de-alta-frequencia-com-sistema-de-montagem-modular-6000-a\/","og_locale":"pt_BR","og_type":"article","og_title":"Retificador Pulsante - Onda Quadrada de Alta Frequ\u00eancia com Sistema de Montagem Modular | 6000 A - WG Ind\u00fastria e Com\u00e9rcio de Equipamentos El\u00e9tricos Ltda","og_description":"CARACTER\u00cdSTICAS:   Alimenta\u00e7\u00e3o: 220, 380 ou 440Vca trif\u00e1sica (a definir)  Tens\u00e3o de sa\u00edda: 12, 14 ou 16Vcc (a definir)  Regulagem de corrente linear de zero ao m\u00e1ximo de sa\u00edda  Regulagem de tens\u00e3o linear de zero ao m\u00e1ximo de sa\u00edda  Tens\u00e3o e corrente de sa\u00edda estabilizadas com precis\u00e3o de 1%  Ripple inferior a 1% em toda escala de regulagem  Rendimento 91%  Resfriamento a ar for\u00e7ado  Onda quadrada pulsante em tens\u00e3o ou corrente  Temporizador para programar tempo de carga  Prote\u00e7\u00e3o contra curto circuito nos barramentos de sa\u00edda  Prote\u00e7\u00e3o contra falta de fase na rede de alimenta\u00e7\u00e3o  Prote\u00e7\u00e3o contra alta temperatura nos m\u00f3dulos  Alarme sinalizado falha nos m\u00f3dulos  Limita\u00e7\u00e3o de corrente para cada m\u00f3dulo  Limita\u00e7\u00e3o total da capacidade de corrente do equipamento  Sistema de montagem modular  M\u00f3dulos trabalham independentes  Painel para comando \u00e0 dist\u00e2ncia  Comando manual via potenci\u00f4metro  Comando CLP ou ethernet MODBUS RS485 (a definir)  Refrigera\u00e7\u00e3o a ar for\u00e7ada  N\u00fameros de m\u00f3dulos: 12 m\u00f3dulos  Dimens\u00f5es: 1190 x 1220 x 410mm (A x L x P)  Peso: 410 Kg","og_url":"https:\/\/wgretificadores.com.br\/site\/produto\/retificador-pulsante-onda-quadrada-de-alta-frequencia-com-sistema-de-montagem-modular-6000-a\/","og_site_name":"WG Ind\u00fastria e Com\u00e9rcio de Equipamentos El\u00e9tricos Ltda","article_modified_time":"2021-07-30T18:54:57+00:00","og_image":[{"width":1152,"height":768,"url":"https:\/\/wgretificadores.com.br\/site\/wp-content\/uploads\/2021\/07\/008-RETIFICADOR-PULSANTE_ONDA-QUADRADA-DE-ALTA-FREQUENCIA-6000_1.jpg","type":"image\/jpeg"}],"twitter_card":"summary_large_image","schema":{"@context":"https:\/\/schema.org","@graph":[{"@type":"Organization","@id":"https:\/\/wgretificadores.com.br\/site\/#organization","name":"WG Retificadores - Ind\u00fastria e Com\u00e9rcio de Equipamentos El\u00e9tricos Ltda","url":"https:\/\/wgretificadores.com.br\/site\/","sameAs":[],"logo":{"@type":"ImageObject","@id":"https:\/\/wgretificadores.com.br\/site\/#logo","inLanguage":"pt-BR","url":"https:\/\/wgretificadores.com.br\/site\/wp-content\/uploads\/2021\/07\/Fachada-WG-Retificadores.png","contentUrl":"https:\/\/wgretificadores.com.br\/site\/wp-content\/uploads\/2021\/07\/Fachada-WG-Retificadores.png","width":1920,"height":1043,"caption":"WG Retificadores - Ind\u00fastria e Com\u00e9rcio de Equipamentos El\u00e9tricos Ltda"},"image":{"@id":"https:\/\/wgretificadores.com.br\/site\/#logo"}},{"@type":"WebSite","@id":"https:\/\/wgretificadores.com.br\/site\/#website","url":"https:\/\/wgretificadores.com.br\/site\/","name":"WG Ind\u00fastria e Com\u00e9rcio de Equipamentos El\u00e9tricos Ltda","description":"Desenvolvimento e fabrica\u00e7\u00e3o de equipamentos industriais  com tecnologia pr\u00f3pria","publisher":{"@id":"https:\/\/wgretificadores.com.br\/site\/#organization"},"potentialAction":[{"@type":"SearchAction","target":{"@type":"EntryPoint","urlTemplate":"https:\/\/wgretificadores.com.br\/site\/?s={search_term_string}"},"query-input":"required name=search_term_string"}],"inLanguage":"pt-BR"},{"@type":"ImageObject","@id":"https:\/\/wgretificadores.com.br\/site\/produto\/retificador-pulsante-onda-quadrada-de-alta-frequencia-com-sistema-de-montagem-modular-6000-a\/#primaryimage","inLanguage":"pt-BR","url":"https:\/\/wgretificadores.com.br\/site\/wp-content\/uploads\/2021\/07\/008-RETIFICADOR-PULSANTE_ONDA-QUADRADA-DE-ALTA-FREQUENCIA-6000_1.jpg","contentUrl":"https:\/\/wgretificadores.com.br\/site\/wp-content\/uploads\/2021\/07\/008-RETIFICADOR-PULSANTE_ONDA-QUADRADA-DE-ALTA-FREQUENCIA-6000_1.jpg","width":1152,"height":768,"caption":"Retificador Pulsante - Onda Quadrada de Alta Frequ\u00eancia com Sistema de Montagem Modular | 6000 A"},{"@type":"WebPage","@id":"https:\/\/wgretificadores.com.br\/site\/produto\/retificador-pulsante-onda-quadrada-de-alta-frequencia-com-sistema-de-montagem-modular-6000-a\/#webpage","url":"https:\/\/wgretificadores.com.br\/site\/produto\/retificador-pulsante-onda-quadrada-de-alta-frequencia-com-sistema-de-montagem-modular-6000-a\/","name":"Retificador Pulsante - Onda Quadrada de Alta Frequ\u00eancia com Sistema de Montagem Modular | 6000 A - WG Ind\u00fastria e Com\u00e9rcio de Equipamentos El\u00e9tricos Ltda","isPartOf":{"@id":"https:\/\/wgretificadores.com.br\/site\/#website"},"primaryImageOfPage":{"@id":"https:\/\/wgretificadores.com.br\/site\/produto\/retificador-pulsante-onda-quadrada-de-alta-frequencia-com-sistema-de-montagem-modular-6000-a\/#primaryimage"},"datePublished":"2021-07-19T02:57:48+00:00","dateModified":"2021-07-30T18:54:57+00:00","breadcrumb":{"@id":"https:\/\/wgretificadores.com.br\/site\/produto\/retificador-pulsante-onda-quadrada-de-alta-frequencia-com-sistema-de-montagem-modular-6000-a\/#breadcrumb"},"inLanguage":"pt-BR","potentialAction":[{"@type":"ReadAction","target":["https:\/\/wgretificadores.com.br\/site\/produto\/retificador-pulsante-onda-quadrada-de-alta-frequencia-com-sistema-de-montagem-modular-6000-a\/"]}]},{"@type":"BreadcrumbList","@id":"https:\/\/wgretificadores.com.br\/site\/produto\/retificador-pulsante-onda-quadrada-de-alta-frequencia-com-sistema-de-montagem-modular-6000-a\/#breadcrumb","itemListElement":[{"@type":"ListItem","position":1,"name":"In\u00edcio","item":"https:\/\/wgretificadores.com.br\/site\/"},{"@type":"ListItem","position":2,"name":"Produtos","item":"https:\/\/wgretificadores.com.br\/site\/shop\/"},{"@type":"ListItem","position":3,"name":"Retificador Pulsante &#8211; Onda Quadrada de Alta Frequ\u00eancia com Sistema de Montagem Modular | 6000 A"}]}]}},"_links":{"self":[{"href":"https:\/\/wgretificadores.com.br\/site\/wp-json\/wp\/v2\/product\/105","targetHints":{"allow":["GET"]}}],"collection":[{"href":"https:\/\/wgretificadores.com.br\/site\/wp-json\/wp\/v2\/product"}],"about":[{"href":"https:\/\/wgretificadores.com.br\/site\/wp-json\/wp\/v2\/types\/product"}],"wp:featuredmedia":[{"embeddable":true,"href":"https:\/\/wgretificadores.com.br\/site\/wp-json\/wp\/v2\/media\/28"}],"wp:attachment":[{"href":"https:\/\/wgretificadores.com.br\/site\/wp-json\/wp\/v2\/media?parent=105"}],"wp:term":[{"taxonomy":"product_cat","embeddable":true,"href":"https:\/\/wgretificadores.com.br\/site\/wp-json\/wp\/v2\/product_cat?post=105"},{"taxonomy":"product_tag","embeddable":true,"href":"https:\/\/wgretificadores.com.br\/site\/wp-json\/wp\/v2\/product_tag?post=105"}],"curies":[{"name":"wp","href":"https:\/\/api.w.org\/{rel}","templated":true}]}}