{"id":134,"date":"2021-07-19T04:46:04","date_gmt":"2021-07-19T04:46:04","guid":{"rendered":"http:\/\/wgretificadores1.hospedagemdesites.ws\/site\/?post_type=product&#038;p=134"},"modified":"2021-07-30T18:28:54","modified_gmt":"2021-07-30T18:28:54","slug":"retificador-automatico-microprocessado-wg-vi-50-a-100-a","status":"publish","type":"product","link":"https:\/\/wgretificadores.com.br\/site\/produto\/retificador-automatico-microprocessado-wg-vi-50-a-100-a\/","title":{"rendered":"Retificador Autom\u00e1tico Microprocessado WG VI &#8211; 50 A | 100 A"},"content":{"rendered":"<p><strong>Capacidades de 50 ou 100 amperes (a definir)<\/strong><\/p>\n<h4>CARACTER\u00cdSTICAS:<\/h4>\n<ul>\n<li>Alimenta\u00e7\u00e3o: 110 ou 220Vca bif\u00e1sica (a definir)<\/li>\n<li>Voltagem de sa\u00edda: 0-12, 0-18 ou 0-24Vcc (a definir)<\/li>\n<li>Refrigera\u00e7\u00e3o a ar for\u00e7ada<\/li>\n<li>Prote\u00e7\u00e3o contra curto circuito e sobrecarga<\/li>\n<li>Volts estabilizados independente das varia\u00e7\u00f5es de rede ou carga<\/li>\n<li>Regula\u00e7\u00e3o de 0 ao m\u00e1ximo de sa\u00edda<\/li>\n<li>Controle no prim\u00e1rio do transformador atrav\u00e9s de tiristor<\/li>\n<li>Limitador de corrente para que o equipamento n\u00e3o ultrapasse 10% de sua capacidade m\u00e1xima<\/li>\n<li>Amper\u00edmetro e volt\u00edmetro digitais<\/li>\n<li>Transformador bobinado em cobre<\/li>\n<li>Filtro indutivo e capacitivo na sa\u00edda<\/li>\n<li>Shunt com sa\u00edda 0-60 MV<\/li>\n<li>Painel pintado com tinta ep\u00f3xi<\/li>\n<li>Dimens\u00f5es: 245 x 395 x 380mm (A x L x P)<\/li>\n<li>Peso: 29 Kg<\/li>\n<\/ul>\n","protected":false},"excerpt":{"rendered":"<p>Capacidades de 50 ou 100 amperes (a definir) CARACTER\u00cdSTICAS: Alimenta\u00e7\u00e3o: 110 ou 220Vca bif\u00e1sica (a definir) Voltagem de&#8230;<\/p>\n","protected":false},"featured_media":71,"template":"","meta":{"_monsterinsights_skip_tracking":false,"_monsterinsights_sitenote_active":false,"_monsterinsights_sitenote_note":"","_monsterinsights_sitenote_category":0},"product_cat":[16,138],"product_tag":[48,49,56,44,22,57],"class_list":["post-134","product","type-product","status-publish","has-post-thumbnail","hentry","product_cat-retificadores","product_cat-wg-vi","product_tag-100-a","product_tag-50-a","product_tag-automaticos","product_tag-microprocessado","product_tag-retificadores","product_tag-wg-vi"],"yoast_head":"<!-- This site is optimized with the Yoast SEO plugin v18.6 - https:\/\/yoast.com\/wordpress\/plugins\/seo\/ -->\n<title>Retificador Autom\u00e1tico Microprocessado WG VI - 50 A | 100 A - WG Ind\u00fastria e Com\u00e9rcio de Equipamentos El\u00e9tricos Ltda<\/title>\n<meta name=\"robots\" content=\"index, follow, max-snippet:-1, max-image-preview:large, max-video-preview:-1\" \/>\n<link rel=\"canonical\" href=\"https:\/\/wgretificadores.com.br\/site\/produto\/retificador-automatico-microprocessado-wg-vi-50-a-100-a\/\" \/>\n<meta property=\"og:locale\" content=\"pt_BR\" \/>\n<meta property=\"og:type\" content=\"article\" \/>\n<meta property=\"og:title\" content=\"Retificador Autom\u00e1tico Microprocessado WG VI - 50 A | 100 A - WG Ind\u00fastria e Com\u00e9rcio de Equipamentos El\u00e9tricos Ltda\" \/>\n<meta property=\"og:description\" content=\"Capacidades de 50 ou 100 amperes (a definir) CARACTER\u00cdSTICAS: Alimenta\u00e7\u00e3o: 110 ou 220Vca bif\u00e1sica (a definir) Voltagem de...\" \/>\n<meta property=\"og:url\" content=\"https:\/\/wgretificadores.com.br\/site\/produto\/retificador-automatico-microprocessado-wg-vi-50-a-100-a\/\" \/>\n<meta property=\"og:site_name\" content=\"WG Ind\u00fastria e Com\u00e9rcio de Equipamentos El\u00e9tricos Ltda\" \/>\n<meta property=\"article:modified_time\" content=\"2021-07-30T18:28:54+00:00\" \/>\n<meta property=\"og:image\" content=\"https:\/\/wgretificadores.com.br\/site\/wp-content\/uploads\/2021\/07\/034-Retificador-automatico-microprocessado-WG-VI-50-100.jpg\" \/>\n\t<meta property=\"og:image:width\" content=\"1152\" \/>\n\t<meta property=\"og:image:height\" content=\"768\" \/>\n\t<meta property=\"og:image:type\" content=\"image\/jpeg\" \/>\n<meta name=\"twitter:card\" content=\"summary_large_image\" \/>\n<meta name=\"twitter:label1\" content=\"Est. tempo de leitura\" \/>\n\t<meta name=\"twitter:data1\" content=\"1 minuto\" \/>\n<script type=\"application\/ld+json\" class=\"yoast-schema-graph\">{\"@context\":\"https:\/\/schema.org\",\"@graph\":[{\"@type\":\"Organization\",\"@id\":\"https:\/\/wgretificadores.com.br\/site\/#organization\",\"name\":\"WG Retificadores - Ind\u00fastria e Com\u00e9rcio de Equipamentos El\u00e9tricos Ltda\",\"url\":\"https:\/\/wgretificadores.com.br\/site\/\",\"sameAs\":[],\"logo\":{\"@type\":\"ImageObject\",\"@id\":\"https:\/\/wgretificadores.com.br\/site\/#logo\",\"inLanguage\":\"pt-BR\",\"url\":\"https:\/\/wgretificadores.com.br\/site\/wp-content\/uploads\/2021\/07\/Fachada-WG-Retificadores.png\",\"contentUrl\":\"https:\/\/wgretificadores.com.br\/site\/wp-content\/uploads\/2021\/07\/Fachada-WG-Retificadores.png\",\"width\":1920,\"height\":1043,\"caption\":\"WG Retificadores - Ind\u00fastria e Com\u00e9rcio de Equipamentos El\u00e9tricos Ltda\"},\"image\":{\"@id\":\"https:\/\/wgretificadores.com.br\/site\/#logo\"}},{\"@type\":\"WebSite\",\"@id\":\"https:\/\/wgretificadores.com.br\/site\/#website\",\"url\":\"https:\/\/wgretificadores.com.br\/site\/\",\"name\":\"WG Ind\u00fastria e Com\u00e9rcio de Equipamentos El\u00e9tricos Ltda\",\"description\":\"Desenvolvimento e fabrica\u00e7\u00e3o de equipamentos industriais  com tecnologia pr\u00f3pria\",\"publisher\":{\"@id\":\"https:\/\/wgretificadores.com.br\/site\/#organization\"},\"potentialAction\":[{\"@type\":\"SearchAction\",\"target\":{\"@type\":\"EntryPoint\",\"urlTemplate\":\"https:\/\/wgretificadores.com.br\/site\/?s={search_term_string}\"},\"query-input\":\"required name=search_term_string\"}],\"inLanguage\":\"pt-BR\"},{\"@type\":\"ImageObject\",\"@id\":\"https:\/\/wgretificadores.com.br\/site\/produto\/retificador-automatico-microprocessado-wg-vi-50-a-100-a\/#primaryimage\",\"inLanguage\":\"pt-BR\",\"url\":\"https:\/\/wgretificadores.com.br\/site\/wp-content\/uploads\/2021\/07\/034-Retificador-automatico-microprocessado-WG-VI-50-100.jpg\",\"contentUrl\":\"https:\/\/wgretificadores.com.br\/site\/wp-content\/uploads\/2021\/07\/034-Retificador-automatico-microprocessado-WG-VI-50-100.jpg\",\"width\":1152,\"height\":768,\"caption\":\"Retificador autom\u00e1tico microprocessado WG VI -50 A | 100 A\"},{\"@type\":\"WebPage\",\"@id\":\"https:\/\/wgretificadores.com.br\/site\/produto\/retificador-automatico-microprocessado-wg-vi-50-a-100-a\/#webpage\",\"url\":\"https:\/\/wgretificadores.com.br\/site\/produto\/retificador-automatico-microprocessado-wg-vi-50-a-100-a\/\",\"name\":\"Retificador Autom\u00e1tico Microprocessado WG VI - 50 A | 100 A - WG Ind\u00fastria e Com\u00e9rcio de Equipamentos El\u00e9tricos Ltda\",\"isPartOf\":{\"@id\":\"https:\/\/wgretificadores.com.br\/site\/#website\"},\"primaryImageOfPage\":{\"@id\":\"https:\/\/wgretificadores.com.br\/site\/produto\/retificador-automatico-microprocessado-wg-vi-50-a-100-a\/#primaryimage\"},\"datePublished\":\"2021-07-19T04:46:04+00:00\",\"dateModified\":\"2021-07-30T18:28:54+00:00\",\"breadcrumb\":{\"@id\":\"https:\/\/wgretificadores.com.br\/site\/produto\/retificador-automatico-microprocessado-wg-vi-50-a-100-a\/#breadcrumb\"},\"inLanguage\":\"pt-BR\",\"potentialAction\":[{\"@type\":\"ReadAction\",\"target\":[\"https:\/\/wgretificadores.com.br\/site\/produto\/retificador-automatico-microprocessado-wg-vi-50-a-100-a\/\"]}]},{\"@type\":\"BreadcrumbList\",\"@id\":\"https:\/\/wgretificadores.com.br\/site\/produto\/retificador-automatico-microprocessado-wg-vi-50-a-100-a\/#breadcrumb\",\"itemListElement\":[{\"@type\":\"ListItem\",\"position\":1,\"name\":\"In\u00edcio\",\"item\":\"https:\/\/wgretificadores.com.br\/site\/\"},{\"@type\":\"ListItem\",\"position\":2,\"name\":\"Produtos\",\"item\":\"https:\/\/wgretificadores.com.br\/site\/shop\/\"},{\"@type\":\"ListItem\",\"position\":3,\"name\":\"Retificador Autom\u00e1tico Microprocessado WG VI &#8211; 50 A | 100 A\"}]}]}<\/script>\n<!-- \/ Yoast SEO plugin. -->","yoast_head_json":{"title":"Retificador Autom\u00e1tico Microprocessado WG VI - 50 A | 100 A - WG Ind\u00fastria e Com\u00e9rcio de Equipamentos El\u00e9tricos Ltda","robots":{"index":"index","follow":"follow","max-snippet":"max-snippet:-1","max-image-preview":"max-image-preview:large","max-video-preview":"max-video-preview:-1"},"canonical":"https:\/\/wgretificadores.com.br\/site\/produto\/retificador-automatico-microprocessado-wg-vi-50-a-100-a\/","og_locale":"pt_BR","og_type":"article","og_title":"Retificador Autom\u00e1tico Microprocessado WG VI - 50 A | 100 A - WG Ind\u00fastria e Com\u00e9rcio de Equipamentos El\u00e9tricos Ltda","og_description":"Capacidades de 50 ou 100 amperes (a definir) CARACTER\u00cdSTICAS: Alimenta\u00e7\u00e3o: 110 ou 220Vca bif\u00e1sica (a definir) Voltagem de...","og_url":"https:\/\/wgretificadores.com.br\/site\/produto\/retificador-automatico-microprocessado-wg-vi-50-a-100-a\/","og_site_name":"WG Ind\u00fastria e Com\u00e9rcio de Equipamentos El\u00e9tricos Ltda","article_modified_time":"2021-07-30T18:28:54+00:00","og_image":[{"width":1152,"height":768,"url":"https:\/\/wgretificadores.com.br\/site\/wp-content\/uploads\/2021\/07\/034-Retificador-automatico-microprocessado-WG-VI-50-100.jpg","type":"image\/jpeg"}],"twitter_card":"summary_large_image","twitter_misc":{"Est. tempo de leitura":"1 minuto"},"schema":{"@context":"https:\/\/schema.org","@graph":[{"@type":"Organization","@id":"https:\/\/wgretificadores.com.br\/site\/#organization","name":"WG Retificadores - Ind\u00fastria e Com\u00e9rcio de Equipamentos El\u00e9tricos Ltda","url":"https:\/\/wgretificadores.com.br\/site\/","sameAs":[],"logo":{"@type":"ImageObject","@id":"https:\/\/wgretificadores.com.br\/site\/#logo","inLanguage":"pt-BR","url":"https:\/\/wgretificadores.com.br\/site\/wp-content\/uploads\/2021\/07\/Fachada-WG-Retificadores.png","contentUrl":"https:\/\/wgretificadores.com.br\/site\/wp-content\/uploads\/2021\/07\/Fachada-WG-Retificadores.png","width":1920,"height":1043,"caption":"WG Retificadores - Ind\u00fastria e Com\u00e9rcio de Equipamentos El\u00e9tricos Ltda"},"image":{"@id":"https:\/\/wgretificadores.com.br\/site\/#logo"}},{"@type":"WebSite","@id":"https:\/\/wgretificadores.com.br\/site\/#website","url":"https:\/\/wgretificadores.com.br\/site\/","name":"WG Ind\u00fastria e Com\u00e9rcio de Equipamentos El\u00e9tricos Ltda","description":"Desenvolvimento e fabrica\u00e7\u00e3o de equipamentos industriais  com tecnologia pr\u00f3pria","publisher":{"@id":"https:\/\/wgretificadores.com.br\/site\/#organization"},"potentialAction":[{"@type":"SearchAction","target":{"@type":"EntryPoint","urlTemplate":"https:\/\/wgretificadores.com.br\/site\/?s={search_term_string}"},"query-input":"required name=search_term_string"}],"inLanguage":"pt-BR"},{"@type":"ImageObject","@id":"https:\/\/wgretificadores.com.br\/site\/produto\/retificador-automatico-microprocessado-wg-vi-50-a-100-a\/#primaryimage","inLanguage":"pt-BR","url":"https:\/\/wgretificadores.com.br\/site\/wp-content\/uploads\/2021\/07\/034-Retificador-automatico-microprocessado-WG-VI-50-100.jpg","contentUrl":"https:\/\/wgretificadores.com.br\/site\/wp-content\/uploads\/2021\/07\/034-Retificador-automatico-microprocessado-WG-VI-50-100.jpg","width":1152,"height":768,"caption":"Retificador autom\u00e1tico microprocessado WG VI -50 A | 100 A"},{"@type":"WebPage","@id":"https:\/\/wgretificadores.com.br\/site\/produto\/retificador-automatico-microprocessado-wg-vi-50-a-100-a\/#webpage","url":"https:\/\/wgretificadores.com.br\/site\/produto\/retificador-automatico-microprocessado-wg-vi-50-a-100-a\/","name":"Retificador Autom\u00e1tico Microprocessado WG VI - 50 A | 100 A - WG Ind\u00fastria e Com\u00e9rcio de Equipamentos El\u00e9tricos Ltda","isPartOf":{"@id":"https:\/\/wgretificadores.com.br\/site\/#website"},"primaryImageOfPage":{"@id":"https:\/\/wgretificadores.com.br\/site\/produto\/retificador-automatico-microprocessado-wg-vi-50-a-100-a\/#primaryimage"},"datePublished":"2021-07-19T04:46:04+00:00","dateModified":"2021-07-30T18:28:54+00:00","breadcrumb":{"@id":"https:\/\/wgretificadores.com.br\/site\/produto\/retificador-automatico-microprocessado-wg-vi-50-a-100-a\/#breadcrumb"},"inLanguage":"pt-BR","potentialAction":[{"@type":"ReadAction","target":["https:\/\/wgretificadores.com.br\/site\/produto\/retificador-automatico-microprocessado-wg-vi-50-a-100-a\/"]}]},{"@type":"BreadcrumbList","@id":"https:\/\/wgretificadores.com.br\/site\/produto\/retificador-automatico-microprocessado-wg-vi-50-a-100-a\/#breadcrumb","itemListElement":[{"@type":"ListItem","position":1,"name":"In\u00edcio","item":"https:\/\/wgretificadores.com.br\/site\/"},{"@type":"ListItem","position":2,"name":"Produtos","item":"https:\/\/wgretificadores.com.br\/site\/shop\/"},{"@type":"ListItem","position":3,"name":"Retificador Autom\u00e1tico Microprocessado WG VI &#8211; 50 A | 100 A"}]}]}},"_links":{"self":[{"href":"https:\/\/wgretificadores.com.br\/site\/wp-json\/wp\/v2\/product\/134","targetHints":{"allow":["GET"]}}],"collection":[{"href":"https:\/\/wgretificadores.com.br\/site\/wp-json\/wp\/v2\/product"}],"about":[{"href":"https:\/\/wgretificadores.com.br\/site\/wp-json\/wp\/v2\/types\/product"}],"wp:featuredmedia":[{"embeddable":true,"href":"https:\/\/wgretificadores.com.br\/site\/wp-json\/wp\/v2\/media\/71"}],"wp:attachment":[{"href":"https:\/\/wgretificadores.com.br\/site\/wp-json\/wp\/v2\/media?parent=134"}],"wp:term":[{"taxonomy":"product_cat","embeddable":true,"href":"https:\/\/wgretificadores.com.br\/site\/wp-json\/wp\/v2\/product_cat?post=134"},{"taxonomy":"product_tag","embeddable":true,"href":"https:\/\/wgretificadores.com.br\/site\/wp-json\/wp\/v2\/product_tag?post=134"}],"curies":[{"name":"wp","href":"https:\/\/api.w.org\/{rel}","templated":true}]}}