{"id":159,"date":"2021-07-19T05:33:03","date_gmt":"2021-07-19T05:33:03","guid":{"rendered":"http:\/\/wgretificadores1.hospedagemdesites.ws\/site\/?post_type=product&#038;p=159"},"modified":"2021-07-30T18:21:39","modified_gmt":"2021-07-30T18:21:39","slug":"centrifuga-para-secagem-20kg","status":"publish","type":"product","link":"https:\/\/wgretificadores.com.br\/site\/produto\/centrifuga-para-secagem-20kg\/","title":{"rendered":"Centr\u00edfuga para Secagem &#8211; 20kg"},"content":{"rendered":"<p><strong>C<\/strong><strong>apacidade de 20kg<\/strong><\/p>\n<h4>CARACTER\u00cdSTICAS:<\/h4>\n<ul>\n<li>Alimenta\u00e7\u00e3o: 220 ou 380Vca trif\u00e1sica (a definir)<\/li>\n<li>Desenvolvida para secagem de pe\u00e7as, retirar \u00f3leo de cavaco de usinagem, etc.<\/li>\n<li>Resist\u00eancia tubular para aquecimento: 1500W \u2013 220Vca<\/li>\n<li>Cesto remov\u00edvel em a\u00e7o inox<\/li>\n<li>Chave liga \/ desliga<\/li>\n<li>Freio mec\u00e2nico<\/li>\n<li>Constru\u00edda em chapa de a\u00e7o carbono com espessura de 3mm e pintada com tinta ep\u00f3xi<\/li>\n<li>Motor trif\u00e1sico de 1 CV 4 polos<\/li>\n<li>Rota\u00e7\u00e3o do cesto: 600rpm<\/li>\n<li>Dimens\u00f5es:\n<ul>\n<li>Equipamento: 440 x 690mm (di\u00e2metro x altura)<\/li>\n<li>Cesto: 300 x 180mm (di\u00e2metro x altura)<\/li>\n<\/ul>\n<\/li>\n<li>Peso: 120 Kg<\/li>\n<\/ul>\n<p>&nbsp;<\/p>\n","protected":false},"excerpt":{"rendered":"<p>Capacidade de 20kg CARACTER\u00cdSTICAS: Alimenta\u00e7\u00e3o: 220 ou 380Vca trif\u00e1sica (a definir) Desenvolvida para secagem de pe\u00e7as, retirar \u00f3leo&#8230;<\/p>\n","protected":false},"featured_media":2445,"template":"","meta":{"_monsterinsights_skip_tracking":false,"_monsterinsights_sitenote_active":false,"_monsterinsights_sitenote_note":"","_monsterinsights_sitenote_category":0},"product_cat":[20],"product_tag":[75,72,73],"class_list":["post-159","product","type-product","status-publish","has-post-thumbnail","hentry","product_cat-centrifugas","product_tag-20kg","product_tag-centrifuga","product_tag-secagem"],"yoast_head":"<!-- This site is optimized with the Yoast SEO plugin v18.6 - https:\/\/yoast.com\/wordpress\/plugins\/seo\/ -->\n<title>Centr\u00edfuga para Secagem - 20kg - WG Ind\u00fastria e Com\u00e9rcio de Equipamentos El\u00e9tricos Ltda<\/title>\n<meta name=\"robots\" content=\"index, follow, max-snippet:-1, max-image-preview:large, max-video-preview:-1\" \/>\n<link rel=\"canonical\" href=\"https:\/\/wgretificadores.com.br\/site\/produto\/centrifuga-para-secagem-20kg\/\" \/>\n<meta property=\"og:locale\" content=\"pt_BR\" \/>\n<meta property=\"og:type\" content=\"article\" \/>\n<meta property=\"og:title\" content=\"Centr\u00edfuga para Secagem - 20kg - WG Ind\u00fastria e Com\u00e9rcio de Equipamentos El\u00e9tricos Ltda\" \/>\n<meta property=\"og:description\" content=\"Capacidade de 20kg CARACTER\u00cdSTICAS: Alimenta\u00e7\u00e3o: 220 ou 380Vca trif\u00e1sica (a definir) Desenvolvida para secagem de pe\u00e7as, retirar \u00f3leo...\" \/>\n<meta property=\"og:url\" content=\"https:\/\/wgretificadores.com.br\/site\/produto\/centrifuga-para-secagem-20kg\/\" \/>\n<meta property=\"og:site_name\" content=\"WG Ind\u00fastria e Com\u00e9rcio de Equipamentos El\u00e9tricos Ltda\" \/>\n<meta property=\"article:modified_time\" content=\"2021-07-30T18:21:39+00:00\" \/>\n<meta property=\"og:image\" content=\"https:\/\/wgretificadores.com.br\/site\/wp-content\/uploads\/2021\/07\/046-Centrifuga-20Kg_3.jpg\" \/>\n\t<meta property=\"og:image:width\" content=\"1280\" \/>\n\t<meta property=\"og:image:height\" content=\"853\" \/>\n\t<meta property=\"og:image:type\" content=\"image\/jpeg\" \/>\n<meta name=\"twitter:card\" content=\"summary_large_image\" \/>\n<script type=\"application\/ld+json\" class=\"yoast-schema-graph\">{\"@context\":\"https:\/\/schema.org\",\"@graph\":[{\"@type\":\"Organization\",\"@id\":\"https:\/\/wgretificadores.com.br\/site\/#organization\",\"name\":\"WG Retificadores - Ind\u00fastria e Com\u00e9rcio de Equipamentos El\u00e9tricos Ltda\",\"url\":\"https:\/\/wgretificadores.com.br\/site\/\",\"sameAs\":[],\"logo\":{\"@type\":\"ImageObject\",\"@id\":\"https:\/\/wgretificadores.com.br\/site\/#logo\",\"inLanguage\":\"pt-BR\",\"url\":\"https:\/\/wgretificadores.com.br\/site\/wp-content\/uploads\/2021\/07\/Fachada-WG-Retificadores.png\",\"contentUrl\":\"https:\/\/wgretificadores.com.br\/site\/wp-content\/uploads\/2021\/07\/Fachada-WG-Retificadores.png\",\"width\":1920,\"height\":1043,\"caption\":\"WG Retificadores - Ind\u00fastria e Com\u00e9rcio de Equipamentos El\u00e9tricos Ltda\"},\"image\":{\"@id\":\"https:\/\/wgretificadores.com.br\/site\/#logo\"}},{\"@type\":\"WebSite\",\"@id\":\"https:\/\/wgretificadores.com.br\/site\/#website\",\"url\":\"https:\/\/wgretificadores.com.br\/site\/\",\"name\":\"WG Ind\u00fastria e Com\u00e9rcio de Equipamentos El\u00e9tricos Ltda\",\"description\":\"Desenvolvimento e fabrica\u00e7\u00e3o de equipamentos industriais  com tecnologia pr\u00f3pria\",\"publisher\":{\"@id\":\"https:\/\/wgretificadores.com.br\/site\/#organization\"},\"potentialAction\":[{\"@type\":\"SearchAction\",\"target\":{\"@type\":\"EntryPoint\",\"urlTemplate\":\"https:\/\/wgretificadores.com.br\/site\/?s={search_term_string}\"},\"query-input\":\"required name=search_term_string\"}],\"inLanguage\":\"pt-BR\"},{\"@type\":\"ImageObject\",\"@id\":\"https:\/\/wgretificadores.com.br\/site\/produto\/centrifuga-para-secagem-20kg\/#primaryimage\",\"inLanguage\":\"pt-BR\",\"url\":\"https:\/\/wgretificadores.com.br\/site\/wp-content\/uploads\/2021\/07\/046-Centrifuga-20Kg_3.jpg\",\"contentUrl\":\"https:\/\/wgretificadores.com.br\/site\/wp-content\/uploads\/2021\/07\/046-Centrifuga-20Kg_3.jpg\",\"width\":1280,\"height\":853,\"caption\":\"Centr\u00edfuga - 20Kg\"},{\"@type\":\"WebPage\",\"@id\":\"https:\/\/wgretificadores.com.br\/site\/produto\/centrifuga-para-secagem-20kg\/#webpage\",\"url\":\"https:\/\/wgretificadores.com.br\/site\/produto\/centrifuga-para-secagem-20kg\/\",\"name\":\"Centr\u00edfuga para Secagem - 20kg - WG Ind\u00fastria e Com\u00e9rcio de Equipamentos El\u00e9tricos Ltda\",\"isPartOf\":{\"@id\":\"https:\/\/wgretificadores.com.br\/site\/#website\"},\"primaryImageOfPage\":{\"@id\":\"https:\/\/wgretificadores.com.br\/site\/produto\/centrifuga-para-secagem-20kg\/#primaryimage\"},\"datePublished\":\"2021-07-19T05:33:03+00:00\",\"dateModified\":\"2021-07-30T18:21:39+00:00\",\"breadcrumb\":{\"@id\":\"https:\/\/wgretificadores.com.br\/site\/produto\/centrifuga-para-secagem-20kg\/#breadcrumb\"},\"inLanguage\":\"pt-BR\",\"potentialAction\":[{\"@type\":\"ReadAction\",\"target\":[\"https:\/\/wgretificadores.com.br\/site\/produto\/centrifuga-para-secagem-20kg\/\"]}]},{\"@type\":\"BreadcrumbList\",\"@id\":\"https:\/\/wgretificadores.com.br\/site\/produto\/centrifuga-para-secagem-20kg\/#breadcrumb\",\"itemListElement\":[{\"@type\":\"ListItem\",\"position\":1,\"name\":\"In\u00edcio\",\"item\":\"https:\/\/wgretificadores.com.br\/site\/\"},{\"@type\":\"ListItem\",\"position\":2,\"name\":\"Produtos\",\"item\":\"https:\/\/wgretificadores.com.br\/site\/shop\/\"},{\"@type\":\"ListItem\",\"position\":3,\"name\":\"Centr\u00edfuga para Secagem &#8211; 20kg\"}]}]}<\/script>\n<!-- \/ Yoast SEO plugin. -->","yoast_head_json":{"title":"Centr\u00edfuga para Secagem - 20kg - WG Ind\u00fastria e Com\u00e9rcio de Equipamentos El\u00e9tricos Ltda","robots":{"index":"index","follow":"follow","max-snippet":"max-snippet:-1","max-image-preview":"max-image-preview:large","max-video-preview":"max-video-preview:-1"},"canonical":"https:\/\/wgretificadores.com.br\/site\/produto\/centrifuga-para-secagem-20kg\/","og_locale":"pt_BR","og_type":"article","og_title":"Centr\u00edfuga para Secagem - 20kg - WG Ind\u00fastria e Com\u00e9rcio de Equipamentos El\u00e9tricos Ltda","og_description":"Capacidade de 20kg CARACTER\u00cdSTICAS: Alimenta\u00e7\u00e3o: 220 ou 380Vca trif\u00e1sica (a definir) Desenvolvida para secagem de pe\u00e7as, retirar \u00f3leo...","og_url":"https:\/\/wgretificadores.com.br\/site\/produto\/centrifuga-para-secagem-20kg\/","og_site_name":"WG Ind\u00fastria e Com\u00e9rcio de Equipamentos El\u00e9tricos Ltda","article_modified_time":"2021-07-30T18:21:39+00:00","og_image":[{"width":1280,"height":853,"url":"https:\/\/wgretificadores.com.br\/site\/wp-content\/uploads\/2021\/07\/046-Centrifuga-20Kg_3.jpg","type":"image\/jpeg"}],"twitter_card":"summary_large_image","schema":{"@context":"https:\/\/schema.org","@graph":[{"@type":"Organization","@id":"https:\/\/wgretificadores.com.br\/site\/#organization","name":"WG Retificadores - Ind\u00fastria e Com\u00e9rcio de Equipamentos El\u00e9tricos Ltda","url":"https:\/\/wgretificadores.com.br\/site\/","sameAs":[],"logo":{"@type":"ImageObject","@id":"https:\/\/wgretificadores.com.br\/site\/#logo","inLanguage":"pt-BR","url":"https:\/\/wgretificadores.com.br\/site\/wp-content\/uploads\/2021\/07\/Fachada-WG-Retificadores.png","contentUrl":"https:\/\/wgretificadores.com.br\/site\/wp-content\/uploads\/2021\/07\/Fachada-WG-Retificadores.png","width":1920,"height":1043,"caption":"WG Retificadores - Ind\u00fastria e Com\u00e9rcio de Equipamentos El\u00e9tricos Ltda"},"image":{"@id":"https:\/\/wgretificadores.com.br\/site\/#logo"}},{"@type":"WebSite","@id":"https:\/\/wgretificadores.com.br\/site\/#website","url":"https:\/\/wgretificadores.com.br\/site\/","name":"WG Ind\u00fastria e Com\u00e9rcio de Equipamentos El\u00e9tricos Ltda","description":"Desenvolvimento e fabrica\u00e7\u00e3o de equipamentos industriais  com tecnologia pr\u00f3pria","publisher":{"@id":"https:\/\/wgretificadores.com.br\/site\/#organization"},"potentialAction":[{"@type":"SearchAction","target":{"@type":"EntryPoint","urlTemplate":"https:\/\/wgretificadores.com.br\/site\/?s={search_term_string}"},"query-input":"required name=search_term_string"}],"inLanguage":"pt-BR"},{"@type":"ImageObject","@id":"https:\/\/wgretificadores.com.br\/site\/produto\/centrifuga-para-secagem-20kg\/#primaryimage","inLanguage":"pt-BR","url":"https:\/\/wgretificadores.com.br\/site\/wp-content\/uploads\/2021\/07\/046-Centrifuga-20Kg_3.jpg","contentUrl":"https:\/\/wgretificadores.com.br\/site\/wp-content\/uploads\/2021\/07\/046-Centrifuga-20Kg_3.jpg","width":1280,"height":853,"caption":"Centr\u00edfuga - 20Kg"},{"@type":"WebPage","@id":"https:\/\/wgretificadores.com.br\/site\/produto\/centrifuga-para-secagem-20kg\/#webpage","url":"https:\/\/wgretificadores.com.br\/site\/produto\/centrifuga-para-secagem-20kg\/","name":"Centr\u00edfuga para Secagem - 20kg - WG Ind\u00fastria e Com\u00e9rcio de Equipamentos El\u00e9tricos Ltda","isPartOf":{"@id":"https:\/\/wgretificadores.com.br\/site\/#website"},"primaryImageOfPage":{"@id":"https:\/\/wgretificadores.com.br\/site\/produto\/centrifuga-para-secagem-20kg\/#primaryimage"},"datePublished":"2021-07-19T05:33:03+00:00","dateModified":"2021-07-30T18:21:39+00:00","breadcrumb":{"@id":"https:\/\/wgretificadores.com.br\/site\/produto\/centrifuga-para-secagem-20kg\/#breadcrumb"},"inLanguage":"pt-BR","potentialAction":[{"@type":"ReadAction","target":["https:\/\/wgretificadores.com.br\/site\/produto\/centrifuga-para-secagem-20kg\/"]}]},{"@type":"BreadcrumbList","@id":"https:\/\/wgretificadores.com.br\/site\/produto\/centrifuga-para-secagem-20kg\/#breadcrumb","itemListElement":[{"@type":"ListItem","position":1,"name":"In\u00edcio","item":"https:\/\/wgretificadores.com.br\/site\/"},{"@type":"ListItem","position":2,"name":"Produtos","item":"https:\/\/wgretificadores.com.br\/site\/shop\/"},{"@type":"ListItem","position":3,"name":"Centr\u00edfuga para Secagem &#8211; 20kg"}]}]}},"_links":{"self":[{"href":"https:\/\/wgretificadores.com.br\/site\/wp-json\/wp\/v2\/product\/159","targetHints":{"allow":["GET"]}}],"collection":[{"href":"https:\/\/wgretificadores.com.br\/site\/wp-json\/wp\/v2\/product"}],"about":[{"href":"https:\/\/wgretificadores.com.br\/site\/wp-json\/wp\/v2\/types\/product"}],"wp:featuredmedia":[{"embeddable":true,"href":"https:\/\/wgretificadores.com.br\/site\/wp-json\/wp\/v2\/media\/2445"}],"wp:attachment":[{"href":"https:\/\/wgretificadores.com.br\/site\/wp-json\/wp\/v2\/media?parent=159"}],"wp:term":[{"taxonomy":"product_cat","embeddable":true,"href":"https:\/\/wgretificadores.com.br\/site\/wp-json\/wp\/v2\/product_cat?post=159"},{"taxonomy":"product_tag","embeddable":true,"href":"https:\/\/wgretificadores.com.br\/site\/wp-json\/wp\/v2\/product_tag?post=159"}],"curies":[{"name":"wp","href":"https:\/\/api.w.org\/{rel}","templated":true}]}}