{"id":166,"date":"2021-07-19T05:52:27","date_gmt":"2021-07-19T05:52:27","guid":{"rendered":"http:\/\/wgretificadores1.hospedagemdesites.ws\/site\/?post_type=product&#038;p=166"},"modified":"2021-07-19T05:52:27","modified_gmt":"2021-07-19T05:52:27","slug":"contador-de-ampere-hora-com-programacao-de-tempo","status":"publish","type":"product","link":"https:\/\/wgretificadores.com.br\/site\/produto\/contador-de-ampere-hora-com-programacao-de-tempo\/","title":{"rendered":"Contador de Ampere\/Hora com Programa\u00e7\u00e3o de Tempo"},"content":{"rendered":"<p>CARACTER\u00cdSTICAS:<\/p>\n<ul>\n<li>Alimenta\u00e7\u00e3o: 220Vca bif\u00e1sica<\/li>\n<li>Entrada para sinal: 60 MV<\/li>\n<li>Programa\u00e7\u00e3o at\u00e9 99,999 ampere\/hora<\/li>\n<li>Contagem decrescente<\/li>\n<li>O fim da programa\u00e7\u00e3o de ampere aciona um rel\u00e9 que inicia a programa\u00e7\u00e3o do tempo de dosagem e com o final dessa, ocorre o rein\u00edcio de novo ciclo<\/li>\n<li>A sa\u00edda NA do rel\u00e9 pode ser utilizada para comandar bomba dosadora, alarme, etc.<\/li>\n<li>Totalizador de ampere\/hora com 5 d\u00edgitos<\/li>\n<li>Fornecido nas capacidades de 100 a 10.000Acc (a definir)<\/li>\n<li>Instrumenta\u00e7\u00e3o digital<\/li>\n<li>Totalizador de ampere consumido no processo<\/li>\n<li>Dimens\u00f5es: 170 x 250 x 200mm (A x L x P)<\/li>\n<li>Peso: 4 Kg<\/li>\n<\/ul>\n","protected":false},"excerpt":{"rendered":"<p>CARACTER\u00cdSTICAS: Alimenta\u00e7\u00e3o: 220Vca bif\u00e1sica Entrada para sinal: 60 MV Programa\u00e7\u00e3o at\u00e9 99,999 ampere\/hora Contagem decrescente O fim da&#8230;<\/p>\n","protected":false},"featured_media":87,"template":"","meta":{"_monsterinsights_skip_tracking":false,"_monsterinsights_sitenote_active":false,"_monsterinsights_sitenote_note":"","_monsterinsights_sitenote_category":0},"product_cat":[77],"product_tag":[82,83],"class_list":["post-166","product","type-product","status-publish","has-post-thumbnail","hentry","product_cat-outros-produtos","product_tag-contador-de-ampere","product_tag-programacao-de-tempo"],"yoast_head":"<!-- This site is optimized with the Yoast SEO plugin v18.6 - https:\/\/yoast.com\/wordpress\/plugins\/seo\/ -->\n<title>Contador de Ampere\/Hora com Programa\u00e7\u00e3o de Tempo - WG Ind\u00fastria e Com\u00e9rcio de Equipamentos El\u00e9tricos Ltda<\/title>\n<meta name=\"robots\" content=\"index, follow, max-snippet:-1, max-image-preview:large, max-video-preview:-1\" \/>\n<link rel=\"canonical\" href=\"https:\/\/wgretificadores.com.br\/site\/produto\/contador-de-ampere-hora-com-programacao-de-tempo\/\" \/>\n<meta property=\"og:locale\" content=\"pt_BR\" \/>\n<meta property=\"og:type\" content=\"article\" \/>\n<meta property=\"og:title\" content=\"Contador de Ampere\/Hora com Programa\u00e7\u00e3o de Tempo - WG Ind\u00fastria e Com\u00e9rcio de Equipamentos El\u00e9tricos Ltda\" \/>\n<meta property=\"og:description\" content=\"CARACTER\u00cdSTICAS: Alimenta\u00e7\u00e3o: 220Vca bif\u00e1sica Entrada para sinal: 60 MV Programa\u00e7\u00e3o at\u00e9 99,999 ampere\/hora Contagem decrescente O fim da...\" \/>\n<meta property=\"og:url\" content=\"https:\/\/wgretificadores.com.br\/site\/produto\/contador-de-ampere-hora-com-programacao-de-tempo\/\" \/>\n<meta property=\"og:site_name\" content=\"WG Ind\u00fastria e Com\u00e9rcio de Equipamentos El\u00e9tricos Ltda\" \/>\n<meta property=\"og:image\" content=\"https:\/\/wgretificadores.com.br\/site\/wp-content\/uploads\/2021\/07\/052-Contador-ampere-hora-programado.jpg\" \/>\n\t<meta property=\"og:image:width\" content=\"1152\" \/>\n\t<meta property=\"og:image:height\" content=\"768\" \/>\n\t<meta property=\"og:image:type\" content=\"image\/jpeg\" \/>\n<meta name=\"twitter:card\" content=\"summary_large_image\" \/>\n<meta name=\"twitter:label1\" content=\"Est. tempo de leitura\" \/>\n\t<meta name=\"twitter:data1\" content=\"1 minuto\" \/>\n<script type=\"application\/ld+json\" class=\"yoast-schema-graph\">{\"@context\":\"https:\/\/schema.org\",\"@graph\":[{\"@type\":\"Organization\",\"@id\":\"https:\/\/wgretificadores.com.br\/site\/#organization\",\"name\":\"WG Retificadores - Ind\u00fastria e Com\u00e9rcio de Equipamentos El\u00e9tricos Ltda\",\"url\":\"https:\/\/wgretificadores.com.br\/site\/\",\"sameAs\":[],\"logo\":{\"@type\":\"ImageObject\",\"@id\":\"https:\/\/wgretificadores.com.br\/site\/#logo\",\"inLanguage\":\"pt-BR\",\"url\":\"https:\/\/wgretificadores.com.br\/site\/wp-content\/uploads\/2021\/07\/Fachada-WG-Retificadores.png\",\"contentUrl\":\"https:\/\/wgretificadores.com.br\/site\/wp-content\/uploads\/2021\/07\/Fachada-WG-Retificadores.png\",\"width\":1920,\"height\":1043,\"caption\":\"WG Retificadores - Ind\u00fastria e Com\u00e9rcio de Equipamentos El\u00e9tricos Ltda\"},\"image\":{\"@id\":\"https:\/\/wgretificadores.com.br\/site\/#logo\"}},{\"@type\":\"WebSite\",\"@id\":\"https:\/\/wgretificadores.com.br\/site\/#website\",\"url\":\"https:\/\/wgretificadores.com.br\/site\/\",\"name\":\"WG Ind\u00fastria e Com\u00e9rcio de Equipamentos El\u00e9tricos Ltda\",\"description\":\"Desenvolvimento e fabrica\u00e7\u00e3o de equipamentos industriais  com tecnologia pr\u00f3pria\",\"publisher\":{\"@id\":\"https:\/\/wgretificadores.com.br\/site\/#organization\"},\"potentialAction\":[{\"@type\":\"SearchAction\",\"target\":{\"@type\":\"EntryPoint\",\"urlTemplate\":\"https:\/\/wgretificadores.com.br\/site\/?s={search_term_string}\"},\"query-input\":\"required name=search_term_string\"}],\"inLanguage\":\"pt-BR\"},{\"@type\":\"ImageObject\",\"@id\":\"https:\/\/wgretificadores.com.br\/site\/produto\/contador-de-ampere-hora-com-programacao-de-tempo\/#primaryimage\",\"inLanguage\":\"pt-BR\",\"url\":\"https:\/\/wgretificadores.com.br\/site\/wp-content\/uploads\/2021\/07\/052-Contador-ampere-hora-programado.jpg\",\"contentUrl\":\"https:\/\/wgretificadores.com.br\/site\/wp-content\/uploads\/2021\/07\/052-Contador-ampere-hora-programado.jpg\",\"width\":1152,\"height\":768,\"caption\":\"Contador ampere hora programador de tempo\"},{\"@type\":\"WebPage\",\"@id\":\"https:\/\/wgretificadores.com.br\/site\/produto\/contador-de-ampere-hora-com-programacao-de-tempo\/#webpage\",\"url\":\"https:\/\/wgretificadores.com.br\/site\/produto\/contador-de-ampere-hora-com-programacao-de-tempo\/\",\"name\":\"Contador de Ampere\/Hora com Programa\u00e7\u00e3o de Tempo - WG Ind\u00fastria e Com\u00e9rcio de Equipamentos El\u00e9tricos Ltda\",\"isPartOf\":{\"@id\":\"https:\/\/wgretificadores.com.br\/site\/#website\"},\"primaryImageOfPage\":{\"@id\":\"https:\/\/wgretificadores.com.br\/site\/produto\/contador-de-ampere-hora-com-programacao-de-tempo\/#primaryimage\"},\"datePublished\":\"2021-07-19T05:52:27+00:00\",\"dateModified\":\"2021-07-19T05:52:27+00:00\",\"breadcrumb\":{\"@id\":\"https:\/\/wgretificadores.com.br\/site\/produto\/contador-de-ampere-hora-com-programacao-de-tempo\/#breadcrumb\"},\"inLanguage\":\"pt-BR\",\"potentialAction\":[{\"@type\":\"ReadAction\",\"target\":[\"https:\/\/wgretificadores.com.br\/site\/produto\/contador-de-ampere-hora-com-programacao-de-tempo\/\"]}]},{\"@type\":\"BreadcrumbList\",\"@id\":\"https:\/\/wgretificadores.com.br\/site\/produto\/contador-de-ampere-hora-com-programacao-de-tempo\/#breadcrumb\",\"itemListElement\":[{\"@type\":\"ListItem\",\"position\":1,\"name\":\"In\u00edcio\",\"item\":\"https:\/\/wgretificadores.com.br\/site\/\"},{\"@type\":\"ListItem\",\"position\":2,\"name\":\"Produtos\",\"item\":\"https:\/\/wgretificadores.com.br\/site\/shop\/\"},{\"@type\":\"ListItem\",\"position\":3,\"name\":\"Contador de Ampere\/Hora com Programa\u00e7\u00e3o de Tempo\"}]}]}<\/script>\n<!-- \/ Yoast SEO plugin. -->","yoast_head_json":{"title":"Contador de Ampere\/Hora com Programa\u00e7\u00e3o de Tempo - WG Ind\u00fastria e Com\u00e9rcio de Equipamentos El\u00e9tricos Ltda","robots":{"index":"index","follow":"follow","max-snippet":"max-snippet:-1","max-image-preview":"max-image-preview:large","max-video-preview":"max-video-preview:-1"},"canonical":"https:\/\/wgretificadores.com.br\/site\/produto\/contador-de-ampere-hora-com-programacao-de-tempo\/","og_locale":"pt_BR","og_type":"article","og_title":"Contador de Ampere\/Hora com Programa\u00e7\u00e3o de Tempo - WG Ind\u00fastria e Com\u00e9rcio de Equipamentos El\u00e9tricos Ltda","og_description":"CARACTER\u00cdSTICAS: Alimenta\u00e7\u00e3o: 220Vca bif\u00e1sica Entrada para sinal: 60 MV Programa\u00e7\u00e3o at\u00e9 99,999 ampere\/hora Contagem decrescente O fim da...","og_url":"https:\/\/wgretificadores.com.br\/site\/produto\/contador-de-ampere-hora-com-programacao-de-tempo\/","og_site_name":"WG Ind\u00fastria e Com\u00e9rcio de Equipamentos El\u00e9tricos Ltda","og_image":[{"width":1152,"height":768,"url":"https:\/\/wgretificadores.com.br\/site\/wp-content\/uploads\/2021\/07\/052-Contador-ampere-hora-programado.jpg","type":"image\/jpeg"}],"twitter_card":"summary_large_image","twitter_misc":{"Est. tempo de leitura":"1 minuto"},"schema":{"@context":"https:\/\/schema.org","@graph":[{"@type":"Organization","@id":"https:\/\/wgretificadores.com.br\/site\/#organization","name":"WG Retificadores - Ind\u00fastria e Com\u00e9rcio de Equipamentos El\u00e9tricos Ltda","url":"https:\/\/wgretificadores.com.br\/site\/","sameAs":[],"logo":{"@type":"ImageObject","@id":"https:\/\/wgretificadores.com.br\/site\/#logo","inLanguage":"pt-BR","url":"https:\/\/wgretificadores.com.br\/site\/wp-content\/uploads\/2021\/07\/Fachada-WG-Retificadores.png","contentUrl":"https:\/\/wgretificadores.com.br\/site\/wp-content\/uploads\/2021\/07\/Fachada-WG-Retificadores.png","width":1920,"height":1043,"caption":"WG Retificadores - Ind\u00fastria e Com\u00e9rcio de Equipamentos El\u00e9tricos Ltda"},"image":{"@id":"https:\/\/wgretificadores.com.br\/site\/#logo"}},{"@type":"WebSite","@id":"https:\/\/wgretificadores.com.br\/site\/#website","url":"https:\/\/wgretificadores.com.br\/site\/","name":"WG Ind\u00fastria e Com\u00e9rcio de Equipamentos El\u00e9tricos Ltda","description":"Desenvolvimento e fabrica\u00e7\u00e3o de equipamentos industriais  com tecnologia pr\u00f3pria","publisher":{"@id":"https:\/\/wgretificadores.com.br\/site\/#organization"},"potentialAction":[{"@type":"SearchAction","target":{"@type":"EntryPoint","urlTemplate":"https:\/\/wgretificadores.com.br\/site\/?s={search_term_string}"},"query-input":"required name=search_term_string"}],"inLanguage":"pt-BR"},{"@type":"ImageObject","@id":"https:\/\/wgretificadores.com.br\/site\/produto\/contador-de-ampere-hora-com-programacao-de-tempo\/#primaryimage","inLanguage":"pt-BR","url":"https:\/\/wgretificadores.com.br\/site\/wp-content\/uploads\/2021\/07\/052-Contador-ampere-hora-programado.jpg","contentUrl":"https:\/\/wgretificadores.com.br\/site\/wp-content\/uploads\/2021\/07\/052-Contador-ampere-hora-programado.jpg","width":1152,"height":768,"caption":"Contador ampere hora programador de tempo"},{"@type":"WebPage","@id":"https:\/\/wgretificadores.com.br\/site\/produto\/contador-de-ampere-hora-com-programacao-de-tempo\/#webpage","url":"https:\/\/wgretificadores.com.br\/site\/produto\/contador-de-ampere-hora-com-programacao-de-tempo\/","name":"Contador de Ampere\/Hora com Programa\u00e7\u00e3o de Tempo - WG Ind\u00fastria e Com\u00e9rcio de Equipamentos El\u00e9tricos Ltda","isPartOf":{"@id":"https:\/\/wgretificadores.com.br\/site\/#website"},"primaryImageOfPage":{"@id":"https:\/\/wgretificadores.com.br\/site\/produto\/contador-de-ampere-hora-com-programacao-de-tempo\/#primaryimage"},"datePublished":"2021-07-19T05:52:27+00:00","dateModified":"2021-07-19T05:52:27+00:00","breadcrumb":{"@id":"https:\/\/wgretificadores.com.br\/site\/produto\/contador-de-ampere-hora-com-programacao-de-tempo\/#breadcrumb"},"inLanguage":"pt-BR","potentialAction":[{"@type":"ReadAction","target":["https:\/\/wgretificadores.com.br\/site\/produto\/contador-de-ampere-hora-com-programacao-de-tempo\/"]}]},{"@type":"BreadcrumbList","@id":"https:\/\/wgretificadores.com.br\/site\/produto\/contador-de-ampere-hora-com-programacao-de-tempo\/#breadcrumb","itemListElement":[{"@type":"ListItem","position":1,"name":"In\u00edcio","item":"https:\/\/wgretificadores.com.br\/site\/"},{"@type":"ListItem","position":2,"name":"Produtos","item":"https:\/\/wgretificadores.com.br\/site\/shop\/"},{"@type":"ListItem","position":3,"name":"Contador de Ampere\/Hora com Programa\u00e7\u00e3o de Tempo"}]}]}},"_links":{"self":[{"href":"https:\/\/wgretificadores.com.br\/site\/wp-json\/wp\/v2\/product\/166","targetHints":{"allow":["GET"]}}],"collection":[{"href":"https:\/\/wgretificadores.com.br\/site\/wp-json\/wp\/v2\/product"}],"about":[{"href":"https:\/\/wgretificadores.com.br\/site\/wp-json\/wp\/v2\/types\/product"}],"wp:featuredmedia":[{"embeddable":true,"href":"https:\/\/wgretificadores.com.br\/site\/wp-json\/wp\/v2\/media\/87"}],"wp:attachment":[{"href":"https:\/\/wgretificadores.com.br\/site\/wp-json\/wp\/v2\/media?parent=166"}],"wp:term":[{"taxonomy":"product_cat","embeddable":true,"href":"https:\/\/wgretificadores.com.br\/site\/wp-json\/wp\/v2\/product_cat?post=166"},{"taxonomy":"product_tag","embeddable":true,"href":"https:\/\/wgretificadores.com.br\/site\/wp-json\/wp\/v2\/product_tag?post=166"}],"curies":[{"name":"wp","href":"https:\/\/api.w.org\/{rel}","templated":true}]}}