{"id":168,"date":"2021-07-19T05:54:46","date_gmt":"2021-07-19T05:54:46","guid":{"rendered":"http:\/\/wgretificadores1.hospedagemdesites.ws\/site\/?post_type=product&#038;p=168"},"modified":"2021-07-30T18:19:48","modified_gmt":"2021-07-30T18:19:48","slug":"controlador-eletronico-de-temperatura-termostado-digital","status":"publish","type":"product","link":"https:\/\/wgretificadores.com.br\/site\/produto\/controlador-eletronico-de-temperatura-termostado-digital\/","title":{"rendered":"Controlador Eletr\u00f4nico de Temperatura (Termostato Digital)"},"content":{"rendered":"<h4>CARACTER\u00cdSTICAS:<\/h4>\n<ul>\n<li>Alimenta\u00e7\u00e3o: 220Vca<\/li>\n<li>Leitura digital de temperatura<\/li>\n<li>Capacidade para controlar at\u00e9 4000W em 220Vca<\/li>\n<li>Precis\u00e3o de controle: +\/- 1 grau<\/li>\n<li>Controle de temperatura at\u00e9 99 graus<\/li>\n<li>Sensor tubular em a\u00e7o inox com revestimento em plastisol<\/li>\n<li>Dimens\u00f5es: 80 x 175 x 115mm (A x L x P)<\/li>\n<li>Peso: 3 Kg<\/li>\n<\/ul>\n","protected":false},"excerpt":{"rendered":"<p>CARACTER\u00cdSTICAS: Alimenta\u00e7\u00e3o: 220Vca Leitura digital de temperatura Capacidade para controlar at\u00e9 4000W em 220Vca Precis\u00e3o de controle: +\/-&#8230;<\/p>\n","protected":false},"featured_media":88,"template":"","meta":{"_monsterinsights_skip_tracking":false,"_monsterinsights_sitenote_active":false,"_monsterinsights_sitenote_note":"","_monsterinsights_sitenote_category":0},"product_cat":[21,77],"product_tag":[85,143],"class_list":["post-168","product","type-product","status-publish","has-post-thumbnail","hentry","product_cat-controladores","product_cat-outros-produtos","product_tag-controlador-eletronico-de-temperatura","product_tag-termostato-digital"],"yoast_head":"<!-- This site is optimized with the Yoast SEO plugin v18.6 - https:\/\/yoast.com\/wordpress\/plugins\/seo\/ -->\n<title>Controlador Eletr\u00f4nico de Temperatura (Termostato Digital) - WG Ind\u00fastria e Com\u00e9rcio de Equipamentos El\u00e9tricos Ltda<\/title>\n<meta name=\"robots\" content=\"index, follow, max-snippet:-1, max-image-preview:large, max-video-preview:-1\" \/>\n<link rel=\"canonical\" href=\"https:\/\/wgretificadores.com.br\/site\/produto\/controlador-eletronico-de-temperatura-termostado-digital\/\" \/>\n<meta property=\"og:locale\" content=\"pt_BR\" \/>\n<meta property=\"og:type\" content=\"article\" \/>\n<meta property=\"og:title\" content=\"Controlador Eletr\u00f4nico de Temperatura (Termostato Digital) - WG Ind\u00fastria e Com\u00e9rcio de Equipamentos El\u00e9tricos Ltda\" \/>\n<meta property=\"og:description\" content=\"CARACTER\u00cdSTICAS: Alimenta\u00e7\u00e3o: 220Vca Leitura digital de temperatura Capacidade para controlar at\u00e9 4000W em 220Vca Precis\u00e3o de controle: +\/-...\" \/>\n<meta property=\"og:url\" content=\"https:\/\/wgretificadores.com.br\/site\/produto\/controlador-eletronico-de-temperatura-termostado-digital\/\" \/>\n<meta property=\"og:site_name\" content=\"WG Ind\u00fastria e Com\u00e9rcio de Equipamentos El\u00e9tricos Ltda\" \/>\n<meta property=\"article:modified_time\" content=\"2021-07-30T18:19:48+00:00\" \/>\n<meta property=\"og:image\" content=\"https:\/\/wgretificadores.com.br\/site\/wp-content\/uploads\/2021\/07\/053-Termostato-digital.jpg\" \/>\n\t<meta property=\"og:image:width\" content=\"1152\" \/>\n\t<meta property=\"og:image:height\" content=\"768\" \/>\n\t<meta property=\"og:image:type\" content=\"image\/jpeg\" \/>\n<meta name=\"twitter:card\" content=\"summary_large_image\" \/>\n<script type=\"application\/ld+json\" class=\"yoast-schema-graph\">{\"@context\":\"https:\/\/schema.org\",\"@graph\":[{\"@type\":\"Organization\",\"@id\":\"https:\/\/wgretificadores.com.br\/site\/#organization\",\"name\":\"WG Retificadores - Ind\u00fastria e Com\u00e9rcio de Equipamentos El\u00e9tricos Ltda\",\"url\":\"https:\/\/wgretificadores.com.br\/site\/\",\"sameAs\":[],\"logo\":{\"@type\":\"ImageObject\",\"@id\":\"https:\/\/wgretificadores.com.br\/site\/#logo\",\"inLanguage\":\"pt-BR\",\"url\":\"https:\/\/wgretificadores.com.br\/site\/wp-content\/uploads\/2021\/07\/Fachada-WG-Retificadores.png\",\"contentUrl\":\"https:\/\/wgretificadores.com.br\/site\/wp-content\/uploads\/2021\/07\/Fachada-WG-Retificadores.png\",\"width\":1920,\"height\":1043,\"caption\":\"WG Retificadores - Ind\u00fastria e Com\u00e9rcio de Equipamentos El\u00e9tricos Ltda\"},\"image\":{\"@id\":\"https:\/\/wgretificadores.com.br\/site\/#logo\"}},{\"@type\":\"WebSite\",\"@id\":\"https:\/\/wgretificadores.com.br\/site\/#website\",\"url\":\"https:\/\/wgretificadores.com.br\/site\/\",\"name\":\"WG Ind\u00fastria e Com\u00e9rcio de Equipamentos El\u00e9tricos Ltda\",\"description\":\"Desenvolvimento e fabrica\u00e7\u00e3o de equipamentos industriais  com tecnologia pr\u00f3pria\",\"publisher\":{\"@id\":\"https:\/\/wgretificadores.com.br\/site\/#organization\"},\"potentialAction\":[{\"@type\":\"SearchAction\",\"target\":{\"@type\":\"EntryPoint\",\"urlTemplate\":\"https:\/\/wgretificadores.com.br\/site\/?s={search_term_string}\"},\"query-input\":\"required name=search_term_string\"}],\"inLanguage\":\"pt-BR\"},{\"@type\":\"ImageObject\",\"@id\":\"https:\/\/wgretificadores.com.br\/site\/produto\/controlador-eletronico-de-temperatura-termostado-digital\/#primaryimage\",\"inLanguage\":\"pt-BR\",\"url\":\"https:\/\/wgretificadores.com.br\/site\/wp-content\/uploads\/2021\/07\/053-Termostato-digital.jpg\",\"contentUrl\":\"https:\/\/wgretificadores.com.br\/site\/wp-content\/uploads\/2021\/07\/053-Termostato-digital.jpg\",\"width\":1152,\"height\":768,\"caption\":\"Controlador Eletr\u00f4nico Digital - Termostato digital\"},{\"@type\":\"WebPage\",\"@id\":\"https:\/\/wgretificadores.com.br\/site\/produto\/controlador-eletronico-de-temperatura-termostado-digital\/#webpage\",\"url\":\"https:\/\/wgretificadores.com.br\/site\/produto\/controlador-eletronico-de-temperatura-termostado-digital\/\",\"name\":\"Controlador Eletr\u00f4nico de Temperatura (Termostato Digital) - WG Ind\u00fastria e Com\u00e9rcio de Equipamentos El\u00e9tricos Ltda\",\"isPartOf\":{\"@id\":\"https:\/\/wgretificadores.com.br\/site\/#website\"},\"primaryImageOfPage\":{\"@id\":\"https:\/\/wgretificadores.com.br\/site\/produto\/controlador-eletronico-de-temperatura-termostado-digital\/#primaryimage\"},\"datePublished\":\"2021-07-19T05:54:46+00:00\",\"dateModified\":\"2021-07-30T18:19:48+00:00\",\"breadcrumb\":{\"@id\":\"https:\/\/wgretificadores.com.br\/site\/produto\/controlador-eletronico-de-temperatura-termostado-digital\/#breadcrumb\"},\"inLanguage\":\"pt-BR\",\"potentialAction\":[{\"@type\":\"ReadAction\",\"target\":[\"https:\/\/wgretificadores.com.br\/site\/produto\/controlador-eletronico-de-temperatura-termostado-digital\/\"]}]},{\"@type\":\"BreadcrumbList\",\"@id\":\"https:\/\/wgretificadores.com.br\/site\/produto\/controlador-eletronico-de-temperatura-termostado-digital\/#breadcrumb\",\"itemListElement\":[{\"@type\":\"ListItem\",\"position\":1,\"name\":\"In\u00edcio\",\"item\":\"https:\/\/wgretificadores.com.br\/site\/\"},{\"@type\":\"ListItem\",\"position\":2,\"name\":\"Produtos\",\"item\":\"https:\/\/wgretificadores.com.br\/site\/shop\/\"},{\"@type\":\"ListItem\",\"position\":3,\"name\":\"Controlador Eletr\u00f4nico de Temperatura (Termostato Digital)\"}]}]}<\/script>\n<!-- \/ Yoast SEO plugin. -->","yoast_head_json":{"title":"Controlador Eletr\u00f4nico de Temperatura (Termostato Digital) - WG Ind\u00fastria e Com\u00e9rcio de Equipamentos El\u00e9tricos Ltda","robots":{"index":"index","follow":"follow","max-snippet":"max-snippet:-1","max-image-preview":"max-image-preview:large","max-video-preview":"max-video-preview:-1"},"canonical":"https:\/\/wgretificadores.com.br\/site\/produto\/controlador-eletronico-de-temperatura-termostado-digital\/","og_locale":"pt_BR","og_type":"article","og_title":"Controlador Eletr\u00f4nico de Temperatura (Termostato Digital) - WG Ind\u00fastria e Com\u00e9rcio de Equipamentos El\u00e9tricos Ltda","og_description":"CARACTER\u00cdSTICAS: Alimenta\u00e7\u00e3o: 220Vca Leitura digital de temperatura Capacidade para controlar at\u00e9 4000W em 220Vca Precis\u00e3o de controle: +\/-...","og_url":"https:\/\/wgretificadores.com.br\/site\/produto\/controlador-eletronico-de-temperatura-termostado-digital\/","og_site_name":"WG Ind\u00fastria e Com\u00e9rcio de Equipamentos El\u00e9tricos Ltda","article_modified_time":"2021-07-30T18:19:48+00:00","og_image":[{"width":1152,"height":768,"url":"https:\/\/wgretificadores.com.br\/site\/wp-content\/uploads\/2021\/07\/053-Termostato-digital.jpg","type":"image\/jpeg"}],"twitter_card":"summary_large_image","schema":{"@context":"https:\/\/schema.org","@graph":[{"@type":"Organization","@id":"https:\/\/wgretificadores.com.br\/site\/#organization","name":"WG Retificadores - Ind\u00fastria e Com\u00e9rcio de Equipamentos El\u00e9tricos Ltda","url":"https:\/\/wgretificadores.com.br\/site\/","sameAs":[],"logo":{"@type":"ImageObject","@id":"https:\/\/wgretificadores.com.br\/site\/#logo","inLanguage":"pt-BR","url":"https:\/\/wgretificadores.com.br\/site\/wp-content\/uploads\/2021\/07\/Fachada-WG-Retificadores.png","contentUrl":"https:\/\/wgretificadores.com.br\/site\/wp-content\/uploads\/2021\/07\/Fachada-WG-Retificadores.png","width":1920,"height":1043,"caption":"WG Retificadores - Ind\u00fastria e Com\u00e9rcio de Equipamentos El\u00e9tricos Ltda"},"image":{"@id":"https:\/\/wgretificadores.com.br\/site\/#logo"}},{"@type":"WebSite","@id":"https:\/\/wgretificadores.com.br\/site\/#website","url":"https:\/\/wgretificadores.com.br\/site\/","name":"WG Ind\u00fastria e Com\u00e9rcio de Equipamentos El\u00e9tricos Ltda","description":"Desenvolvimento e fabrica\u00e7\u00e3o de equipamentos industriais  com tecnologia pr\u00f3pria","publisher":{"@id":"https:\/\/wgretificadores.com.br\/site\/#organization"},"potentialAction":[{"@type":"SearchAction","target":{"@type":"EntryPoint","urlTemplate":"https:\/\/wgretificadores.com.br\/site\/?s={search_term_string}"},"query-input":"required name=search_term_string"}],"inLanguage":"pt-BR"},{"@type":"ImageObject","@id":"https:\/\/wgretificadores.com.br\/site\/produto\/controlador-eletronico-de-temperatura-termostado-digital\/#primaryimage","inLanguage":"pt-BR","url":"https:\/\/wgretificadores.com.br\/site\/wp-content\/uploads\/2021\/07\/053-Termostato-digital.jpg","contentUrl":"https:\/\/wgretificadores.com.br\/site\/wp-content\/uploads\/2021\/07\/053-Termostato-digital.jpg","width":1152,"height":768,"caption":"Controlador Eletr\u00f4nico Digital - Termostato digital"},{"@type":"WebPage","@id":"https:\/\/wgretificadores.com.br\/site\/produto\/controlador-eletronico-de-temperatura-termostado-digital\/#webpage","url":"https:\/\/wgretificadores.com.br\/site\/produto\/controlador-eletronico-de-temperatura-termostado-digital\/","name":"Controlador Eletr\u00f4nico de Temperatura (Termostato Digital) - WG Ind\u00fastria e Com\u00e9rcio de Equipamentos El\u00e9tricos Ltda","isPartOf":{"@id":"https:\/\/wgretificadores.com.br\/site\/#website"},"primaryImageOfPage":{"@id":"https:\/\/wgretificadores.com.br\/site\/produto\/controlador-eletronico-de-temperatura-termostado-digital\/#primaryimage"},"datePublished":"2021-07-19T05:54:46+00:00","dateModified":"2021-07-30T18:19:48+00:00","breadcrumb":{"@id":"https:\/\/wgretificadores.com.br\/site\/produto\/controlador-eletronico-de-temperatura-termostado-digital\/#breadcrumb"},"inLanguage":"pt-BR","potentialAction":[{"@type":"ReadAction","target":["https:\/\/wgretificadores.com.br\/site\/produto\/controlador-eletronico-de-temperatura-termostado-digital\/"]}]},{"@type":"BreadcrumbList","@id":"https:\/\/wgretificadores.com.br\/site\/produto\/controlador-eletronico-de-temperatura-termostado-digital\/#breadcrumb","itemListElement":[{"@type":"ListItem","position":1,"name":"In\u00edcio","item":"https:\/\/wgretificadores.com.br\/site\/"},{"@type":"ListItem","position":2,"name":"Produtos","item":"https:\/\/wgretificadores.com.br\/site\/shop\/"},{"@type":"ListItem","position":3,"name":"Controlador Eletr\u00f4nico de Temperatura (Termostato Digital)"}]}]}},"_links":{"self":[{"href":"https:\/\/wgretificadores.com.br\/site\/wp-json\/wp\/v2\/product\/168","targetHints":{"allow":["GET"]}}],"collection":[{"href":"https:\/\/wgretificadores.com.br\/site\/wp-json\/wp\/v2\/product"}],"about":[{"href":"https:\/\/wgretificadores.com.br\/site\/wp-json\/wp\/v2\/types\/product"}],"wp:featuredmedia":[{"embeddable":true,"href":"https:\/\/wgretificadores.com.br\/site\/wp-json\/wp\/v2\/media\/88"}],"wp:attachment":[{"href":"https:\/\/wgretificadores.com.br\/site\/wp-json\/wp\/v2\/media?parent=168"}],"wp:term":[{"taxonomy":"product_cat","embeddable":true,"href":"https:\/\/wgretificadores.com.br\/site\/wp-json\/wp\/v2\/product_cat?post=168"},{"taxonomy":"product_tag","embeddable":true,"href":"https:\/\/wgretificadores.com.br\/site\/wp-json\/wp\/v2\/product_tag?post=168"}],"curies":[{"name":"wp","href":"https:\/\/api.w.org\/{rel}","templated":true}]}}