{"id":171,"date":"2021-07-19T05:59:08","date_gmt":"2021-07-19T05:59:08","guid":{"rendered":"http:\/\/wgretificadores1.hospedagemdesites.ws\/site\/?post_type=product&#038;p=171"},"modified":"2021-07-30T18:18:58","modified_gmt":"2021-07-30T18:18:58","slug":"modulos-para-pequenas-producoes-com-2-ou-3-tanques","status":"publish","type":"product","link":"https:\/\/wgretificadores.com.br\/site\/produto\/modulos-para-pequenas-producoes-com-2-ou-3-tanques\/","title":{"rendered":"M\u00f3dulos para Pequenas Produ\u00e7\u00f5es &#8211; com 2 ou 3 Tanques"},"content":{"rendered":"<h4>CARACTER\u00cdSTICAS:<\/h4>\n<ul>\n<li>Alimenta\u00e7\u00e3o: 110 ou 220Vca (a definir)<\/li>\n<li>Movimenta\u00e7\u00e3o com controle de velocidade<\/li>\n<li>Opera\u00e7\u00e3o com gancheira ou carretel<\/li>\n<li>Barramentos em a\u00e7o inox<\/li>\n<li>Acompanha um carretel e um barramento para gancheira<\/li>\n<li>Tr\u00eas tanques com capacidade para 14Lts cada<\/li>\n<\/ul>\n<p>&nbsp;<\/p>\n<h4>DIMENS\u00d5ES:<\/h4>\n<ul>\n<li>2 (dois) tanques:\n<ul>\n<li>Tanque: 255 x 230 x 240mm (L x P x A)<\/li>\n<li>Equipamento: 845 x 330 x 370mm (L x P x A)<\/li>\n<\/ul>\n<\/li>\n<li>3 (tr\u00eas) tanques:\n<ul>\n<li>Tanque: 255 x 230 x 240mm (L x P x A)<\/li>\n<li>Equipamento: 1100 x 330 x 370mm (L x P x A)<\/li>\n<\/ul>\n<\/li>\n<\/ul>\n","protected":false},"excerpt":{"rendered":"<p>CARACTER\u00cdSTICAS: Alimenta\u00e7\u00e3o: 110 ou 220Vca (a definir) Movimenta\u00e7\u00e3o com controle de velocidade Opera\u00e7\u00e3o com gancheira ou carretel Barramentos&#8230;<\/p>\n","protected":false},"featured_media":90,"template":"","meta":{"_monsterinsights_skip_tracking":false,"_monsterinsights_sitenote_active":false,"_monsterinsights_sitenote_note":"","_monsterinsights_sitenote_category":0},"product_cat":[77],"product_tag":[88,87],"class_list":["post-171","product","type-product","status-publish","has-post-thumbnail","hentry","product_cat-outros-produtos","product_tag-pequenas-producoes","product_tag-tanques"],"yoast_head":"<!-- This site is optimized with the Yoast SEO plugin v18.6 - https:\/\/yoast.com\/wordpress\/plugins\/seo\/ -->\n<title>M\u00f3dulos para Pequenas Produ\u00e7\u00f5es - com 2 ou 3 Tanques - WG Ind\u00fastria e Com\u00e9rcio de Equipamentos El\u00e9tricos Ltda<\/title>\n<meta name=\"robots\" content=\"index, follow, max-snippet:-1, max-image-preview:large, max-video-preview:-1\" \/>\n<link rel=\"canonical\" href=\"https:\/\/wgretificadores.com.br\/site\/produto\/modulos-para-pequenas-producoes-com-2-ou-3-tanques\/\" \/>\n<meta property=\"og:locale\" content=\"pt_BR\" \/>\n<meta property=\"og:type\" content=\"article\" \/>\n<meta property=\"og:title\" content=\"M\u00f3dulos para Pequenas Produ\u00e7\u00f5es - com 2 ou 3 Tanques - WG Ind\u00fastria e Com\u00e9rcio de Equipamentos El\u00e9tricos Ltda\" \/>\n<meta property=\"og:description\" content=\"CARACTER\u00cdSTICAS: Alimenta\u00e7\u00e3o: 110 ou 220Vca (a definir) Movimenta\u00e7\u00e3o com controle de velocidade Opera\u00e7\u00e3o com gancheira ou carretel Barramentos...\" \/>\n<meta property=\"og:url\" content=\"https:\/\/wgretificadores.com.br\/site\/produto\/modulos-para-pequenas-producoes-com-2-ou-3-tanques\/\" \/>\n<meta property=\"og:site_name\" content=\"WG Ind\u00fastria e Com\u00e9rcio de Equipamentos El\u00e9tricos Ltda\" \/>\n<meta property=\"article:modified_time\" content=\"2021-07-30T18:18:58+00:00\" \/>\n<meta property=\"og:image\" content=\"https:\/\/wgretificadores.com.br\/site\/wp-content\/uploads\/2021\/07\/055-Modulo-para-pequenas-producoes_2-tanques.jpg\" \/>\n\t<meta property=\"og:image:width\" content=\"1152\" \/>\n\t<meta property=\"og:image:height\" content=\"768\" \/>\n\t<meta property=\"og:image:type\" content=\"image\/jpeg\" \/>\n<meta name=\"twitter:card\" content=\"summary_large_image\" \/>\n<script type=\"application\/ld+json\" class=\"yoast-schema-graph\">{\"@context\":\"https:\/\/schema.org\",\"@graph\":[{\"@type\":\"Organization\",\"@id\":\"https:\/\/wgretificadores.com.br\/site\/#organization\",\"name\":\"WG Retificadores - Ind\u00fastria e Com\u00e9rcio de Equipamentos El\u00e9tricos Ltda\",\"url\":\"https:\/\/wgretificadores.com.br\/site\/\",\"sameAs\":[],\"logo\":{\"@type\":\"ImageObject\",\"@id\":\"https:\/\/wgretificadores.com.br\/site\/#logo\",\"inLanguage\":\"pt-BR\",\"url\":\"https:\/\/wgretificadores.com.br\/site\/wp-content\/uploads\/2021\/07\/Fachada-WG-Retificadores.png\",\"contentUrl\":\"https:\/\/wgretificadores.com.br\/site\/wp-content\/uploads\/2021\/07\/Fachada-WG-Retificadores.png\",\"width\":1920,\"height\":1043,\"caption\":\"WG Retificadores - Ind\u00fastria e Com\u00e9rcio de Equipamentos El\u00e9tricos Ltda\"},\"image\":{\"@id\":\"https:\/\/wgretificadores.com.br\/site\/#logo\"}},{\"@type\":\"WebSite\",\"@id\":\"https:\/\/wgretificadores.com.br\/site\/#website\",\"url\":\"https:\/\/wgretificadores.com.br\/site\/\",\"name\":\"WG Ind\u00fastria e Com\u00e9rcio de Equipamentos El\u00e9tricos Ltda\",\"description\":\"Desenvolvimento e fabrica\u00e7\u00e3o de equipamentos industriais  com tecnologia pr\u00f3pria\",\"publisher\":{\"@id\":\"https:\/\/wgretificadores.com.br\/site\/#organization\"},\"potentialAction\":[{\"@type\":\"SearchAction\",\"target\":{\"@type\":\"EntryPoint\",\"urlTemplate\":\"https:\/\/wgretificadores.com.br\/site\/?s={search_term_string}\"},\"query-input\":\"required name=search_term_string\"}],\"inLanguage\":\"pt-BR\"},{\"@type\":\"ImageObject\",\"@id\":\"https:\/\/wgretificadores.com.br\/site\/produto\/modulos-para-pequenas-producoes-com-2-ou-3-tanques\/#primaryimage\",\"inLanguage\":\"pt-BR\",\"url\":\"https:\/\/wgretificadores.com.br\/site\/wp-content\/uploads\/2021\/07\/055-Modulo-para-pequenas-producoes_2-tanques.jpg\",\"contentUrl\":\"https:\/\/wgretificadores.com.br\/site\/wp-content\/uploads\/2021\/07\/055-Modulo-para-pequenas-producoes_2-tanques.jpg\",\"width\":1152,\"height\":768,\"caption\":\"M\u00f3dulo para pequenas produ\u00e7\u00f5es - 2 tanques\"},{\"@type\":\"WebPage\",\"@id\":\"https:\/\/wgretificadores.com.br\/site\/produto\/modulos-para-pequenas-producoes-com-2-ou-3-tanques\/#webpage\",\"url\":\"https:\/\/wgretificadores.com.br\/site\/produto\/modulos-para-pequenas-producoes-com-2-ou-3-tanques\/\",\"name\":\"M\u00f3dulos para Pequenas Produ\u00e7\u00f5es - com 2 ou 3 Tanques - WG Ind\u00fastria e Com\u00e9rcio de Equipamentos El\u00e9tricos Ltda\",\"isPartOf\":{\"@id\":\"https:\/\/wgretificadores.com.br\/site\/#website\"},\"primaryImageOfPage\":{\"@id\":\"https:\/\/wgretificadores.com.br\/site\/produto\/modulos-para-pequenas-producoes-com-2-ou-3-tanques\/#primaryimage\"},\"datePublished\":\"2021-07-19T05:59:08+00:00\",\"dateModified\":\"2021-07-30T18:18:58+00:00\",\"breadcrumb\":{\"@id\":\"https:\/\/wgretificadores.com.br\/site\/produto\/modulos-para-pequenas-producoes-com-2-ou-3-tanques\/#breadcrumb\"},\"inLanguage\":\"pt-BR\",\"potentialAction\":[{\"@type\":\"ReadAction\",\"target\":[\"https:\/\/wgretificadores.com.br\/site\/produto\/modulos-para-pequenas-producoes-com-2-ou-3-tanques\/\"]}]},{\"@type\":\"BreadcrumbList\",\"@id\":\"https:\/\/wgretificadores.com.br\/site\/produto\/modulos-para-pequenas-producoes-com-2-ou-3-tanques\/#breadcrumb\",\"itemListElement\":[{\"@type\":\"ListItem\",\"position\":1,\"name\":\"In\u00edcio\",\"item\":\"https:\/\/wgretificadores.com.br\/site\/\"},{\"@type\":\"ListItem\",\"position\":2,\"name\":\"Produtos\",\"item\":\"https:\/\/wgretificadores.com.br\/site\/shop\/\"},{\"@type\":\"ListItem\",\"position\":3,\"name\":\"M\u00f3dulos para Pequenas Produ\u00e7\u00f5es &#8211; com 2 ou 3 Tanques\"}]}]}<\/script>\n<!-- \/ Yoast SEO plugin. -->","yoast_head_json":{"title":"M\u00f3dulos para Pequenas Produ\u00e7\u00f5es - com 2 ou 3 Tanques - WG Ind\u00fastria e Com\u00e9rcio de Equipamentos El\u00e9tricos Ltda","robots":{"index":"index","follow":"follow","max-snippet":"max-snippet:-1","max-image-preview":"max-image-preview:large","max-video-preview":"max-video-preview:-1"},"canonical":"https:\/\/wgretificadores.com.br\/site\/produto\/modulos-para-pequenas-producoes-com-2-ou-3-tanques\/","og_locale":"pt_BR","og_type":"article","og_title":"M\u00f3dulos para Pequenas Produ\u00e7\u00f5es - com 2 ou 3 Tanques - WG Ind\u00fastria e Com\u00e9rcio de Equipamentos El\u00e9tricos Ltda","og_description":"CARACTER\u00cdSTICAS: Alimenta\u00e7\u00e3o: 110 ou 220Vca (a definir) Movimenta\u00e7\u00e3o com controle de velocidade Opera\u00e7\u00e3o com gancheira ou carretel Barramentos...","og_url":"https:\/\/wgretificadores.com.br\/site\/produto\/modulos-para-pequenas-producoes-com-2-ou-3-tanques\/","og_site_name":"WG Ind\u00fastria e Com\u00e9rcio de Equipamentos El\u00e9tricos Ltda","article_modified_time":"2021-07-30T18:18:58+00:00","og_image":[{"width":1152,"height":768,"url":"https:\/\/wgretificadores.com.br\/site\/wp-content\/uploads\/2021\/07\/055-Modulo-para-pequenas-producoes_2-tanques.jpg","type":"image\/jpeg"}],"twitter_card":"summary_large_image","schema":{"@context":"https:\/\/schema.org","@graph":[{"@type":"Organization","@id":"https:\/\/wgretificadores.com.br\/site\/#organization","name":"WG Retificadores - Ind\u00fastria e Com\u00e9rcio de Equipamentos El\u00e9tricos Ltda","url":"https:\/\/wgretificadores.com.br\/site\/","sameAs":[],"logo":{"@type":"ImageObject","@id":"https:\/\/wgretificadores.com.br\/site\/#logo","inLanguage":"pt-BR","url":"https:\/\/wgretificadores.com.br\/site\/wp-content\/uploads\/2021\/07\/Fachada-WG-Retificadores.png","contentUrl":"https:\/\/wgretificadores.com.br\/site\/wp-content\/uploads\/2021\/07\/Fachada-WG-Retificadores.png","width":1920,"height":1043,"caption":"WG Retificadores - Ind\u00fastria e Com\u00e9rcio de Equipamentos El\u00e9tricos Ltda"},"image":{"@id":"https:\/\/wgretificadores.com.br\/site\/#logo"}},{"@type":"WebSite","@id":"https:\/\/wgretificadores.com.br\/site\/#website","url":"https:\/\/wgretificadores.com.br\/site\/","name":"WG Ind\u00fastria e Com\u00e9rcio de Equipamentos El\u00e9tricos Ltda","description":"Desenvolvimento e fabrica\u00e7\u00e3o de equipamentos industriais  com tecnologia pr\u00f3pria","publisher":{"@id":"https:\/\/wgretificadores.com.br\/site\/#organization"},"potentialAction":[{"@type":"SearchAction","target":{"@type":"EntryPoint","urlTemplate":"https:\/\/wgretificadores.com.br\/site\/?s={search_term_string}"},"query-input":"required name=search_term_string"}],"inLanguage":"pt-BR"},{"@type":"ImageObject","@id":"https:\/\/wgretificadores.com.br\/site\/produto\/modulos-para-pequenas-producoes-com-2-ou-3-tanques\/#primaryimage","inLanguage":"pt-BR","url":"https:\/\/wgretificadores.com.br\/site\/wp-content\/uploads\/2021\/07\/055-Modulo-para-pequenas-producoes_2-tanques.jpg","contentUrl":"https:\/\/wgretificadores.com.br\/site\/wp-content\/uploads\/2021\/07\/055-Modulo-para-pequenas-producoes_2-tanques.jpg","width":1152,"height":768,"caption":"M\u00f3dulo para pequenas produ\u00e7\u00f5es - 2 tanques"},{"@type":"WebPage","@id":"https:\/\/wgretificadores.com.br\/site\/produto\/modulos-para-pequenas-producoes-com-2-ou-3-tanques\/#webpage","url":"https:\/\/wgretificadores.com.br\/site\/produto\/modulos-para-pequenas-producoes-com-2-ou-3-tanques\/","name":"M\u00f3dulos para Pequenas Produ\u00e7\u00f5es - com 2 ou 3 Tanques - WG Ind\u00fastria e Com\u00e9rcio de Equipamentos El\u00e9tricos Ltda","isPartOf":{"@id":"https:\/\/wgretificadores.com.br\/site\/#website"},"primaryImageOfPage":{"@id":"https:\/\/wgretificadores.com.br\/site\/produto\/modulos-para-pequenas-producoes-com-2-ou-3-tanques\/#primaryimage"},"datePublished":"2021-07-19T05:59:08+00:00","dateModified":"2021-07-30T18:18:58+00:00","breadcrumb":{"@id":"https:\/\/wgretificadores.com.br\/site\/produto\/modulos-para-pequenas-producoes-com-2-ou-3-tanques\/#breadcrumb"},"inLanguage":"pt-BR","potentialAction":[{"@type":"ReadAction","target":["https:\/\/wgretificadores.com.br\/site\/produto\/modulos-para-pequenas-producoes-com-2-ou-3-tanques\/"]}]},{"@type":"BreadcrumbList","@id":"https:\/\/wgretificadores.com.br\/site\/produto\/modulos-para-pequenas-producoes-com-2-ou-3-tanques\/#breadcrumb","itemListElement":[{"@type":"ListItem","position":1,"name":"In\u00edcio","item":"https:\/\/wgretificadores.com.br\/site\/"},{"@type":"ListItem","position":2,"name":"Produtos","item":"https:\/\/wgretificadores.com.br\/site\/shop\/"},{"@type":"ListItem","position":3,"name":"M\u00f3dulos para Pequenas Produ\u00e7\u00f5es &#8211; com 2 ou 3 Tanques"}]}]}},"_links":{"self":[{"href":"https:\/\/wgretificadores.com.br\/site\/wp-json\/wp\/v2\/product\/171","targetHints":{"allow":["GET"]}}],"collection":[{"href":"https:\/\/wgretificadores.com.br\/site\/wp-json\/wp\/v2\/product"}],"about":[{"href":"https:\/\/wgretificadores.com.br\/site\/wp-json\/wp\/v2\/types\/product"}],"wp:featuredmedia":[{"embeddable":true,"href":"https:\/\/wgretificadores.com.br\/site\/wp-json\/wp\/v2\/media\/90"}],"wp:attachment":[{"href":"https:\/\/wgretificadores.com.br\/site\/wp-json\/wp\/v2\/media?parent=171"}],"wp:term":[{"taxonomy":"product_cat","embeddable":true,"href":"https:\/\/wgretificadores.com.br\/site\/wp-json\/wp\/v2\/product_cat?post=171"},{"taxonomy":"product_tag","embeddable":true,"href":"https:\/\/wgretificadores.com.br\/site\/wp-json\/wp\/v2\/product_tag?post=171"}],"curies":[{"name":"wp","href":"https:\/\/api.w.org\/{rel}","templated":true}]}}